{"id":3591,"date":"2023-12-13T11:06:10","date_gmt":"2023-12-13T11:06:10","guid":{"rendered":"https:\/\/tina-assistant.com\/my-account-2\/"},"modified":"2025-07-17T14:17:11","modified_gmt":"2025-07-17T14:17:11","slug":"moj-racun","status":"publish","type":"page","link":"https:\/\/tina-assistant.com\/sl\/moj-racun\/","title":{"rendered":"Moj ra\u010dun"},"content":{"rendered":"\t\t<div data-elementor-type=\"wp-page\" data-elementor-id=\"3591\" class=\"elementor elementor-3591 elementor-3586\" data-elementor-post-type=\"page\">\n\t\t\t\t<div data-particle_enable=\"false\" data-particle-mobile-disabled=\"false\" class=\"elementor-element elementor-element-b45fa50 e-flex e-con-boxed e-con e-parent\" data-id=\"b45fa50\" data-element_type=\"container\" data-e-type=\"container\">\n\t\t\t\t\t<div class=\"e-con-inner\">\n\t\t\t\t<div class=\"elementor-element elementor-element-3f82963 elementor-widget elementor-widget-eael-woo-account-dashboard\" data-id=\"3f82963\" data-element_type=\"widget\" data-e-type=\"widget\" data-settings=\"{&quot;eael_account_dashboard_table_header_column_alignment&quot;:&quot;left&quot;,&quot;eael_account_dashboard_table_body_column_alignment&quot;:&quot;left&quot;}\" data-widget_type=\"eael-woo-account-dashboard.default\">\n\t\t\t\t<div class=\"elementor-widget-container\">\n\t\t\t\t\t\n        <div class=\"eael-account-dashboard-wrap\">\n            <div class=\"eael-account-dashboard-wrapper preset-2\">\n    <div class=\"eael-account-dashboard-body\">\n        <div class=\"eael-account-dashboard-container\">\n            \t\t<div class=\"eael-account-dashboard-navbar eael-d-none\">\n\t\t\t\n<nav class=\"woocommerce-MyAccount-navigation\" aria-label=\"Strani ra\u010duna uporabnikov\">\n\t<ul>\n\t\t\t\t\t<li class=\"woocommerce-MyAccount-navigation-link woocommerce-MyAccount-navigation-link--dashboard\">\n\t\t\t\t<a href=\"https:\/\/tina-assistant.com\/sl\/moj-racun\/\" >\n\t\t\t\t\tNadzorna plo\u0161\u010da\t\t\t\t<\/a>\n\t\t\t<\/li>\n\t\t\t\t\t<li class=\"woocommerce-MyAccount-navigation-link woocommerce-MyAccount-navigation-link--orders\">\n\t\t\t\t<a href=\"https:\/\/tina-assistant.com\/sl\/moj-racun\/orders\/\" >\n\t\t\t\t\tNaro\u010dila\t\t\t\t<\/a>\n\t\t\t<\/li>\n\t\t\t\t\t<li class=\"woocommerce-MyAccount-navigation-link woocommerce-MyAccount-navigation-link--edit-address\">\n\t\t\t\t<a href=\"https:\/\/tina-assistant.com\/sl\/moj-racun\/edit-address\/\" >\n\t\t\t\t\tNaslovi\t\t\t\t<\/a>\n\t\t\t<\/li>\n\t\t\t\t\t<li class=\"woocommerce-MyAccount-navigation-link woocommerce-MyAccount-navigation-link--edit-account\">\n\t\t\t\t<a href=\"https:\/\/tina-assistant.com\/sl\/moj-racun\/edit-account\/\" >\n\t\t\t\t\tPodrobnosti ra\u010duna\t\t\t\t<\/a>\n\t\t\t<\/li>\n\t\t\t\t\t<li class=\"woocommerce-MyAccount-navigation-link woocommerce-MyAccount-navigation-link--customer-logout\">\n\t\t\t\t<a href=\"https:\/\/tina-assistant.com\/sl\/moj-racun\/customer-logout\/?_wpnonce=017b69d832\" >\n\t\t\t\t\tOdjava\t\t\t\t<\/a>\n\t\t\t<\/li>\n\t\t\t\t\t<li class=\"woocommerce-MyAccount-navigation-link woocommerce-MyAccount-navigation-link--subscriptions\">\n\t\t\t\t<a href=\"https:\/\/tina-assistant.com\/sl\/moj-racun\/subscriptions\/\" >\n\t\t\t\t\tSubscriptions\t\t\t\t<\/a>\n\t\t\t<\/li>\n\t\t\t\t\t<li class=\"woocommerce-MyAccount-navigation-link woocommerce-MyAccount-navigation-link--payment-methods\">\n\t\t\t\t<a href=\"https:\/\/tina-assistant.com\/sl\/moj-racun\/payment-methods\/\" >\n\t\t\t\t\tNa\u010dini pla\u010dila\t\t\t\t<\/a>\n\t\t\t<\/li>\n\t\t\t\t\t<li class=\"woocommerce-MyAccount-navigation-link woocommerce-MyAccount-navigation-link--vat-number\">\n\t\t\t\t<a href=\"https:\/\/tina-assistant.com\/sl\/moj-racun\/vat-number\/\" >\n\t\t\t\t\tVAT number\t\t\t\t<\/a>\n\t\t\t<\/li>\n\t\t\t<\/ul>\n<\/nav>\n\n\n\t\t\t\t\t<\/div>\n\t\t            \t\t<div class=\"eael-account-dashboard-content\">\n\t\t\t<div class=\"woocommerce\"><div class=\"woocommerce-notices-wrapper\"><\/div>\n\n\t\t<h2>Prijava<\/h2>\n\n\t\t<form class=\"woocommerce-form woocommerce-form-login login\" method=\"post\" novalidate>\n\n\t\t\t\n\t\t\t<p class=\"woocommerce-form-row woocommerce-form-row--wide form-row form-row-wide\">\n\t\t\t\t<label for=\"username\">Uporabni\u0161ko ime ali e-po\u0161tni naslov&nbsp;<span class=\"required\" aria-hidden=\"true\">*<\/span><span class=\"screen-reader-text\">Zahtevano<\/span><\/label>\n\t\t\t\t<input type=\"text\" class=\"woocommerce-Input woocommerce-Input--text input-text\" name=\"username\" id=\"username\" autocomplete=\"username\" value=\"\" required aria-required=\"true\" \/>\t\t\t<\/p>\n\t\t\t<p class=\"woocommerce-form-row woocommerce-form-row--wide form-row form-row-wide\">\n\t\t\t\t<label for=\"password\">Geslo&nbsp;<span class=\"required\" aria-hidden=\"true\">*<\/span><span class=\"screen-reader-text\">Zahtevano<\/span><\/label>\n\t\t\t\t<input class=\"woocommerce-Input woocommerce-Input--text input-text\" type=\"password\" name=\"password\" id=\"password\" autocomplete=\"current-password\" required aria-required=\"true\" \/>\n\t\t\t<\/p>\n\n\t\t\t\n\t\t\t<p class=\"form-row\">\n\t\t\t\t<label class=\"woocommerce-form__label woocommerce-form__label-for-checkbox woocommerce-form-login__rememberme\">\n\t\t\t\t\t<input class=\"woocommerce-form__input woocommerce-form__input-checkbox\" name=\"rememberme\" type=\"checkbox\" id=\"rememberme\" value=\"forever\" \/> <span>Zapomni si me<\/span>\n\t\t\t\t<\/label>\n\t\t\t\t<input type=\"hidden\" id=\"woocommerce-login-nonce\" name=\"woocommerce-login-nonce\" value=\"22c662e6d4\" \/><input type=\"hidden\" name=\"_wp_http_referer\" value=\"\/sl\/wp-json\/wp\/v2\/pages\/3591\" \/>\t\t\t\t<button type=\"submit\" class=\"woocommerce-button button woocommerce-form-login__submit\" name=\"login\" value=\"Prijava\">Prijava<\/button>\n\t\t\t<\/p>\n\t\t\t<p class=\"woocommerce-LostPassword lost_password\">\n\t\t\t\t<a href=\"https:\/\/tina-assistant.com\/sl\/moj-racun\/lost-password\/\">Ali ste pozabili geslo?<\/a>\n\t\t\t<\/p>\n\n\t\t\t\n\t\t<\/form>\n\n\n<\/div>\t\t<\/div>\n\t\t        <\/div>\n    <\/div>\n<\/div>        <\/div>\n\n\t\t\t\t\t\t<\/div>\n\t\t\t\t<\/div>\n\t\t\t\t\t<\/div>\n\t\t\t\t<\/div>\n\t\t\t\t<\/div>\n\t\t","protected":false},"excerpt":{"rendered":"<p>Nadzorna plo\u0161\u010da Naro\u010dila Naslovi Podrobnosti ra\u010duna Odjava Payment methods VAT number Zdravo Nejc Rodo\u0161ek Nadzorna plo\u0161\u010da Naro\u010dila Naslovi Podrobnosti ra\u010duna Odjava Payment methods VAT number Hello Nejc Rodo\u0161ek (not Nejc Rodo\u0161ek? Log out) From your account dashboard you can view your recent orders, manage your shipping and billing addresses, and edit your password and account [&hellip;]<\/p>\n","protected":false},"author":1,"featured_media":0,"parent":0,"menu_order":0,"comment_status":"closed","ping_status":"closed","template":"","meta":{"_acf_changed":false,"footnotes":""},"class_list":["post-3591","page","type-page","status-publish","hentry"],"acf":[],"yoast_head":"<!-- This site is optimized with the Yoast SEO plugin v27.5 - https:\/\/yoast.com\/product\/yoast-seo-wordpress\/ -->\n<title>Moj ra\u010dun - Tina Assistant<\/title>\n<meta name=\"robots\" content=\"noindex, follow\" \/>\n<meta property=\"og:locale\" content=\"sl_SI\" \/>\n<meta property=\"og:type\" content=\"article\" \/>\n<meta property=\"og:title\" content=\"Moj ra\u010dun - Tina Assistant\" \/>\n<meta property=\"og:description\" content=\"Nadzorna plo\u0161\u010da Naro\u010dila Naslovi Podrobnosti ra\u010duna Odjava Payment methods VAT number Zdravo Nejc Rodo\u0161ek Nadzorna plo\u0161\u010da Naro\u010dila Naslovi Podrobnosti ra\u010duna Odjava Payment methods VAT number Hello Nejc Rodo\u0161ek (not Nejc Rodo\u0161ek? Log out) From your account dashboard you can view your recent orders, manage your shipping and billing addresses, and edit your password and account [&hellip;]\" \/>\n<meta property=\"og:url\" content=\"https:\/\/tina-assistant.com\/sl\/moj-racun\/\" \/>\n<meta property=\"og:site_name\" content=\"Tina Assistant\" \/>\n<meta property=\"article:publisher\" content=\"https:\/\/www.facebook.com\/Centrum-cognitio-105944965605949\" \/>\n<meta property=\"article:modified_time\" content=\"2025-07-17T14:17:11+00:00\" \/>\n<meta name=\"twitter:card\" content=\"summary_large_image\" \/>\n<script type=\"application\/ld+json\" class=\"yoast-schema-graph\">{\"@context\":\"https:\\\/\\\/schema.org\",\"@graph\":[{\"@type\":\"WebPage\",\"@id\":\"https:\\\/\\\/tina-assistant.com\\\/sl\\\/moj-racun\\\/\",\"url\":\"https:\\\/\\\/tina-assistant.com\\\/sl\\\/moj-racun\\\/\",\"name\":\"Moj ra\u010dun - Tina Assistant\",\"isPartOf\":{\"@id\":\"https:\\\/\\\/tina-assistant.com\\\/sl\\\/#website\"},\"datePublished\":\"2023-12-13T11:06:10+00:00\",\"dateModified\":\"2025-07-17T14:17:11+00:00\",\"breadcrumb\":{\"@id\":\"https:\\\/\\\/tina-assistant.com\\\/sl\\\/moj-racun\\\/#breadcrumb\"},\"inLanguage\":\"sl-SI\",\"potentialAction\":[{\"@type\":\"ReadAction\",\"target\":[\"https:\\\/\\\/tina-assistant.com\\\/sl\\\/moj-racun\\\/\"]}]},{\"@type\":\"BreadcrumbList\",\"@id\":\"https:\\\/\\\/tina-assistant.com\\\/sl\\\/moj-racun\\\/#breadcrumb\",\"itemListElement\":[{\"@type\":\"ListItem\",\"position\":1,\"name\":\"Home\",\"item\":\"https:\\\/\\\/tina-assistant.com\\\/sl\\\/\"},{\"@type\":\"ListItem\",\"position\":2,\"name\":\"Moj ra\u010dun\"}]},{\"@type\":\"WebSite\",\"@id\":\"https:\\\/\\\/tina-assistant.com\\\/sl\\\/#website\",\"url\":\"https:\\\/\\\/tina-assistant.com\\\/sl\\\/\",\"name\":\"Tina Assistant\",\"description\":\"Therapist intelligent assistant\",\"publisher\":{\"@id\":\"https:\\\/\\\/tina-assistant.com\\\/sl\\\/#organization\"},\"potentialAction\":[{\"@type\":\"SearchAction\",\"target\":{\"@type\":\"EntryPoint\",\"urlTemplate\":\"https:\\\/\\\/tina-assistant.com\\\/sl\\\/?s={search_term_string}\"},\"query-input\":{\"@type\":\"PropertyValueSpecification\",\"valueRequired\":true,\"valueName\":\"search_term_string\"}}],\"inLanguage\":\"sl-SI\"},{\"@type\":\"Organization\",\"@id\":\"https:\\\/\\\/tina-assistant.com\\\/sl\\\/#organization\",\"name\":\"Centrum Cognitio d.o.o.\",\"alternateName\":\"Tina Assistant\",\"url\":\"https:\\\/\\\/tina-assistant.com\\\/sl\\\/\",\"logo\":{\"@type\":\"ImageObject\",\"inLanguage\":\"sl-SI\",\"@id\":\"https:\\\/\\\/tina-assistant.com\\\/sl\\\/#\\\/schema\\\/logo\\\/image\\\/\",\"url\":\"https:\\\/\\\/tina-assistant.com\\\/wp-content\\\/uploads\\\/2024\\\/12\\\/tina-logo.svg\",\"contentUrl\":\"https:\\\/\\\/tina-assistant.com\\\/wp-content\\\/uploads\\\/2024\\\/12\\\/tina-logo.svg\",\"caption\":\"Centrum Cognitio d.o.o.\"},\"image\":{\"@id\":\"https:\\\/\\\/tina-assistant.com\\\/sl\\\/#\\\/schema\\\/logo\\\/image\\\/\"},\"sameAs\":[\"https:\\\/\\\/www.facebook.com\\\/Centrum-cognitio-105944965605949\",\"https:\\\/\\\/www.linkedin.com\\\/company\\\/centrum-cognitio\\\/\"]}]}<\/script>\n<!-- \/ Yoast SEO plugin. -->","yoast_head_json":{"title":"Moj ra\u010dun - Tina Assistant","robots":{"index":"noindex","follow":"follow"},"og_locale":"sl_SI","og_type":"article","og_title":"Moj ra\u010dun - Tina Assistant","og_description":"Nadzorna plo\u0161\u010da Naro\u010dila Naslovi Podrobnosti ra\u010duna Odjava Payment methods VAT number Zdravo Nejc Rodo\u0161ek Nadzorna plo\u0161\u010da Naro\u010dila Naslovi Podrobnosti ra\u010duna Odjava Payment methods VAT number Hello Nejc Rodo\u0161ek (not Nejc Rodo\u0161ek? Log out) From your account dashboard you can view your recent orders, manage your shipping and billing addresses, and edit your password and account [&hellip;]","og_url":"https:\/\/tina-assistant.com\/sl\/moj-racun\/","og_site_name":"Tina Assistant","article_publisher":"https:\/\/www.facebook.com\/Centrum-cognitio-105944965605949","article_modified_time":"2025-07-17T14:17:11+00:00","twitter_card":"summary_large_image","schema":{"@context":"https:\/\/schema.org","@graph":[{"@type":"WebPage","@id":"https:\/\/tina-assistant.com\/sl\/moj-racun\/","url":"https:\/\/tina-assistant.com\/sl\/moj-racun\/","name":"Moj ra\u010dun - Tina Assistant","isPartOf":{"@id":"https:\/\/tina-assistant.com\/sl\/#website"},"datePublished":"2023-12-13T11:06:10+00:00","dateModified":"2025-07-17T14:17:11+00:00","breadcrumb":{"@id":"https:\/\/tina-assistant.com\/sl\/moj-racun\/#breadcrumb"},"inLanguage":"sl-SI","potentialAction":[{"@type":"ReadAction","target":["https:\/\/tina-assistant.com\/sl\/moj-racun\/"]}]},{"@type":"BreadcrumbList","@id":"https:\/\/tina-assistant.com\/sl\/moj-racun\/#breadcrumb","itemListElement":[{"@type":"ListItem","position":1,"name":"Home","item":"https:\/\/tina-assistant.com\/sl\/"},{"@type":"ListItem","position":2,"name":"Moj ra\u010dun"}]},{"@type":"WebSite","@id":"https:\/\/tina-assistant.com\/sl\/#website","url":"https:\/\/tina-assistant.com\/sl\/","name":"Tina Assistant","description":"Therapist intelligent assistant","publisher":{"@id":"https:\/\/tina-assistant.com\/sl\/#organization"},"potentialAction":[{"@type":"SearchAction","target":{"@type":"EntryPoint","urlTemplate":"https:\/\/tina-assistant.com\/sl\/?s={search_term_string}"},"query-input":{"@type":"PropertyValueSpecification","valueRequired":true,"valueName":"search_term_string"}}],"inLanguage":"sl-SI"},{"@type":"Organization","@id":"https:\/\/tina-assistant.com\/sl\/#organization","name":"Centrum Cognitio d.o.o.","alternateName":"Tina Assistant","url":"https:\/\/tina-assistant.com\/sl\/","logo":{"@type":"ImageObject","inLanguage":"sl-SI","@id":"https:\/\/tina-assistant.com\/sl\/#\/schema\/logo\/image\/","url":"https:\/\/tina-assistant.com\/wp-content\/uploads\/2024\/12\/tina-logo.svg","contentUrl":"https:\/\/tina-assistant.com\/wp-content\/uploads\/2024\/12\/tina-logo.svg","caption":"Centrum Cognitio d.o.o."},"image":{"@id":"https:\/\/tina-assistant.com\/sl\/#\/schema\/logo\/image\/"},"sameAs":["https:\/\/www.facebook.com\/Centrum-cognitio-105944965605949","https:\/\/www.linkedin.com\/company\/centrum-cognitio\/"]}]}},"_links":{"self":[{"href":"https:\/\/tina-assistant.com\/sl\/wp-json\/wp\/v2\/pages\/3591","targetHints":{"allow":["GET"]}}],"collection":[{"href":"https:\/\/tina-assistant.com\/sl\/wp-json\/wp\/v2\/pages"}],"about":[{"href":"https:\/\/tina-assistant.com\/sl\/wp-json\/wp\/v2\/types\/page"}],"author":[{"embeddable":true,"href":"https:\/\/tina-assistant.com\/sl\/wp-json\/wp\/v2\/users\/1"}],"replies":[{"embeddable":true,"href":"https:\/\/tina-assistant.com\/sl\/wp-json\/wp\/v2\/comments?post=3591"}],"version-history":[{"count":3,"href":"https:\/\/tina-assistant.com\/sl\/wp-json\/wp\/v2\/pages\/3591\/revisions"}],"predecessor-version":[{"id":5408,"href":"https:\/\/tina-assistant.com\/sl\/wp-json\/wp\/v2\/pages\/3591\/revisions\/5408"}],"wp:attachment":[{"href":"https:\/\/tina-assistant.com\/sl\/wp-json\/wp\/v2\/media?parent=3591"}],"curies":[{"name":"wp","href":"https:\/\/api.w.org\/{rel}","templated":true}]}}