{"id":5095,"date":"2024-12-20T19:49:15","date_gmt":"2024-12-20T19:49:15","guid":{"rendered":"https:\/\/tina-assistant.com\/politika-piskotkov\/"},"modified":"2024-12-21T15:48:50","modified_gmt":"2024-12-21T15:48:50","slug":"politika-piskotkov","status":"publish","type":"page","link":"https:\/\/tina-assistant.com\/sl\/politika-piskotkov\/","title":{"rendered":"Politika pi\u0161kotkov"},"content":{"rendered":"\t\t<div data-elementor-type=\"wp-page\" data-elementor-id=\"5095\" class=\"elementor elementor-5095 elementor-4873\" data-elementor-post-type=\"page\">\n\t\t\t\t<div data-particle_enable=\"false\" data-particle-mobile-disabled=\"false\" class=\"elementor-element elementor-element-1e2efdc e-flex e-con-boxed e-con e-parent\" data-id=\"1e2efdc\" data-element_type=\"container\" data-e-type=\"container\">\n\t\t\t\t\t<div class=\"e-con-inner\">\n\t\t\t\t<div class=\"elementor-element elementor-element-eddc522 elementor-widget elementor-widget-text-editor\" data-id=\"eddc522\" data-element_type=\"widget\" data-e-type=\"widget\" data-widget_type=\"text-editor.default\">\n\t\t\t\t<div class=\"elementor-widget-container\">\n\t\t\t\t\t\t\t\t\t<p>Datum za\u010detka veljavnosti: 27.11.2024<\/p>\n<p>Na www.tina-assistant.com uporabljamo pi\u0161kotke za izbolj\u0161anje va\u0161e izku\u0161nje in zagotavljanje delovanja na\u0161ih storitev. Ta politika pi\u0161kotkov opisuje vrste pi\u0161kotkov, ki jih uporabljamo, njihov namen in va\u0161e mo\u017enosti upravljanja z njimi.<\/p>\t\t\t\t\t\t\t\t<\/div>\n\t\t\t\t<\/div>\n\t\t\t\t\t<\/div>\n\t\t\t\t<\/div>\n\t\t<div data-particle_enable=\"false\" data-particle-mobile-disabled=\"false\" class=\"elementor-element elementor-element-d76a862 e-flex e-con-boxed e-con e-parent\" data-id=\"d76a862\" data-element_type=\"container\" data-e-type=\"container\">\n\t\t\t\t\t<div class=\"e-con-inner\">\n\t\t\t\t<div class=\"elementor-element elementor-element-2529dee elementor-widget elementor-widget-heading\" data-id=\"2529dee\" data-element_type=\"widget\" data-e-type=\"widget\" data-widget_type=\"heading.default\">\n\t\t\t\t<div class=\"elementor-widget-container\">\n\t\t\t\t\t<h2 class=\"elementor-heading-title elementor-size-default\">1. Kaj so pi\u0161kotki?<\/h2>\t\t\t\t<\/div>\n\t\t\t\t<\/div>\n\t\t\t\t<div class=\"elementor-element elementor-element-3d557d9 elementor-widget elementor-widget-text-editor\" data-id=\"3d557d9\" data-element_type=\"widget\" data-e-type=\"widget\" data-widget_type=\"text-editor.default\">\n\t\t\t\t<div class=\"elementor-widget-container\">\n\t\t\t\t\t\t\t\t\t<p>Pi\u0161kotki so majhne besedilne datoteke, shranjene na va\u0161i napravi, ki izbolj\u0161ajo va\u0161o izku\u0161njo brskanja. Pomagajo nam zagotavljati klju\u010dne storitve, analizirati uporabo in ponujati prilagojene vsebine ter oglase.<\/p>\n\t\t\t\t\t\t\t\t<\/div>\n\t\t\t\t<\/div>\n\t\t\t\t\t<\/div>\n\t\t\t\t<\/div>\n\t\t<div data-particle_enable=\"false\" data-particle-mobile-disabled=\"false\" class=\"elementor-element elementor-element-a5d3e73 e-flex e-con-boxed e-con e-parent\" data-id=\"a5d3e73\" data-element_type=\"container\" data-e-type=\"container\">\n\t\t\t\t\t<div class=\"e-con-inner\">\n\t\t\t\t<div class=\"elementor-element elementor-element-cd24bcd elementor-widget elementor-widget-heading\" data-id=\"cd24bcd\" data-element_type=\"widget\" data-e-type=\"widget\" data-widget_type=\"heading.default\">\n\t\t\t\t<div class=\"elementor-widget-container\">\n\t\t\t\t\t<h2 class=\"elementor-heading-title elementor-size-default\">2. Vrste pi\u0161kotkov, ki jih uporabljamo<\/h2>\t\t\t\t<\/div>\n\t\t\t\t<\/div>\n\t\t\t\t<div class=\"elementor-element elementor-element-e0729f1 elementor-widget elementor-widget-text-editor\" data-id=\"e0729f1\" data-element_type=\"widget\" data-e-type=\"widget\" data-widget_type=\"text-editor.default\">\n\t\t\t\t<div class=\"elementor-widget-container\">\n\t\t\t\t\t\t\t\t\t<ul>\n<li><strong>Bistveni pi\u0161kotki<\/strong>: Potrebni za delovanje spletne strani, na primer za varna pla\u010dila prek Stripe.<\/li>\n<li><strong>Analiti\u010dni pi\u0161kotki<\/strong>: Uporabljeni za analizo uporabe spletnega mesta in izbolj\u0161anje u\u010dinkovitosti (npr. Google Analytics).<\/li>\n<li><strong>Marketin\u0161ki pi\u0161kotki<\/strong>: Omogo\u010dajo prilagojeno ogla\u0161evanje in spremljanje uspe\u0161nosti oglasov (npr. Google Ads).<\/li>\n<\/ul>\n\t\t\t\t\t\t\t\t<\/div>\n\t\t\t\t<\/div>\n\t\t\t\t\t<\/div>\n\t\t\t\t<\/div>\n\t\t<div data-particle_enable=\"false\" data-particle-mobile-disabled=\"false\" class=\"elementor-element elementor-element-edbae98 e-flex e-con-boxed e-con e-parent\" data-id=\"edbae98\" data-element_type=\"container\" data-e-type=\"container\">\n\t\t\t\t\t<div class=\"e-con-inner\">\n\t\t\t\t<div class=\"elementor-element elementor-element-951d23c elementor-widget elementor-widget-heading\" data-id=\"951d23c\" data-element_type=\"widget\" data-e-type=\"widget\" data-widget_type=\"heading.default\">\n\t\t\t\t<div class=\"elementor-widget-container\">\n\t\t\t\t\t<h2 class=\"elementor-heading-title elementor-size-default\">3. Tretje storitve, ki jih uporabljamo<\/h2>\t\t\t\t<\/div>\n\t\t\t\t<\/div>\n\t\t\t\t<div class=\"elementor-element elementor-element-c3e9b77 elementor-widget elementor-widget-text-editor\" data-id=\"c3e9b77\" data-element_type=\"widget\" data-e-type=\"widget\" data-widget_type=\"text-editor.default\">\n\t\t\t\t<div class=\"elementor-widget-container\">\n\t\t\t\t\t\t\t\t\t<p>Uporabljamo naslednje storitve tretjih oseb, ki lahko na va\u0161i napravi nastavijo pi\u0161kotke:<\/p>\n<ul>\n<li><strong>Google Analytics<\/strong>: Spremlja vedenje uporabnikov in delovanje spletnega mesta za izbolj\u0161anje na\u0161ih storitev.<\/li>\n<li><strong>Google Ads<\/strong>: Podpira prilagojene in ciljno usmerjene ogla\u0161evalske kampanje.<\/li>\n<li><strong>Stripe<\/strong>: Omogo\u010da varno obdelavo pla\u010dil in si zapomni podatke o transakcijah.<\/li>\n<\/ul>\n\t\t\t\t\t\t\t\t<\/div>\n\t\t\t\t<\/div>\n\t\t\t\t\t<\/div>\n\t\t\t\t<\/div>\n\t\t<div data-particle_enable=\"false\" data-particle-mobile-disabled=\"false\" class=\"elementor-element elementor-element-2d60e34 e-flex e-con-boxed e-con e-parent\" data-id=\"2d60e34\" data-element_type=\"container\" data-e-type=\"container\">\n\t\t\t\t\t<div class=\"e-con-inner\">\n\t\t\t\t<div class=\"elementor-element elementor-element-819ed82 elementor-widget elementor-widget-heading\" data-id=\"819ed82\" data-element_type=\"widget\" data-e-type=\"widget\" data-widget_type=\"heading.default\">\n\t\t\t\t<div class=\"elementor-widget-container\">\n\t\t\t\t\t<h2 class=\"elementor-heading-title elementor-size-default\">4. Upravljanje va\u0161ih nastavitev pi\u0161kotkov<\/h2>\t\t\t\t<\/div>\n\t\t\t\t<\/div>\n\t\t\t\t<div class=\"elementor-element elementor-element-e4ddb69 elementor-widget elementor-widget-text-editor\" data-id=\"e4ddb69\" data-element_type=\"widget\" data-e-type=\"widget\" data-widget_type=\"text-editor.default\">\n\t\t\t\t<div class=\"elementor-widget-container\">\n\t\t\t\t\t\t\t\t\t<p>Ob obisku na\u0161ega spletnega mesta boste videli pasico o pi\u0161kotkih, kjer lahko upravljate svoje nastavitve za razli\u010dne kategorije pi\u0161kotkov. Nastavitve pi\u0161kotkov lahko prilagodite tudi prek svojega brskalnika. Upo\u0161tevajte, da lahko onemogo\u010danje dolo\u010denih pi\u0161kotkov vpliva na va\u0161o izku\u0161njo.<\/p>\n\t\t\t\t\t\t\t\t<\/div>\n\t\t\t\t<\/div>\n\t\t\t\t\t<\/div>\n\t\t\t\t<\/div>\n\t\t<div data-particle_enable=\"false\" data-particle-mobile-disabled=\"false\" class=\"elementor-element elementor-element-4a9b36a e-flex e-con-boxed e-con e-parent\" data-id=\"4a9b36a\" data-element_type=\"container\" data-e-type=\"container\">\n\t\t\t\t\t<div class=\"e-con-inner\">\n\t\t\t\t<div class=\"elementor-element elementor-element-6ab99fb elementor-widget elementor-widget-heading\" data-id=\"6ab99fb\" data-element_type=\"widget\" data-e-type=\"widget\" data-widget_type=\"heading.default\">\n\t\t\t\t<div class=\"elementor-widget-container\">\n\t\t\t\t\t<h2 class=\"elementor-heading-title elementor-size-default\">5. Va\u0161e soglasje<\/h2>\t\t\t\t<\/div>\n\t\t\t\t<\/div>\n\t\t\t\t<div class=\"elementor-element elementor-element-a683710 elementor-widget elementor-widget-text-editor\" data-id=\"a683710\" data-element_type=\"widget\" data-e-type=\"widget\" data-widget_type=\"text-editor.default\">\n\t\t\t\t<div class=\"elementor-widget-container\">\n\t\t\t\t\t\t\t\t\t<p>Z izbiro \u00bbSprejmi vse\u00ab na na\u0161i pasici o pi\u0161kotkih ali prilagoditvijo svojih nastavitev se strinjate z uporabo pi\u0161kotkov, kot je opisano v tej politiki.<\/p>\n\t\t\t\t\t\t\t\t<\/div>\n\t\t\t\t<\/div>\n\t\t\t\t\t<\/div>\n\t\t\t\t<\/div>\n\t\t<div data-particle_enable=\"false\" data-particle-mobile-disabled=\"false\" class=\"elementor-element elementor-element-6ca587b e-flex e-con-boxed e-con e-parent\" data-id=\"6ca587b\" data-element_type=\"container\" data-e-type=\"container\">\n\t\t\t\t\t<div class=\"e-con-inner\">\n\t\t\t\t<div class=\"elementor-element elementor-element-35291e9 elementor-widget elementor-widget-heading\" data-id=\"35291e9\" data-element_type=\"widget\" data-e-type=\"widget\" data-widget_type=\"heading.default\">\n\t\t\t\t<div class=\"elementor-widget-container\">\n\t\t\t\t\t<h2 class=\"elementor-heading-title elementor-size-default\">6. Kontaktirajte nas<\/h2>\t\t\t\t<\/div>\n\t\t\t\t<\/div>\n\t\t\t\t<div class=\"elementor-element elementor-element-46c199a elementor-widget elementor-widget-text-editor\" data-id=\"46c199a\" data-element_type=\"widget\" data-e-type=\"widget\" data-widget_type=\"text-editor.default\">\n\t\t\t\t<div class=\"elementor-widget-container\">\n\t\t\t\t\t\t\t\t\t<p>Za vsa vpra\u0161anja v zvezi z na\u0161o politiko pi\u0161kotkov nas kontaktirajte na <strong><a rel=\"noopener\">info@tina-assistant.com<\/a><\/strong>.<\/p>\n\t\t\t\t\t\t\t\t<\/div>\n\t\t\t\t<\/div>\n\t\t\t\t\t<\/div>\n\t\t\t\t<\/div>\n\t\t\t\t<\/div>\n\t\t","protected":false},"excerpt":{"rendered":"<p>Datum za\u010detka veljavnosti: 27.11.2024 Na www.tina-assistant.com uporabljamo pi\u0161kotke za izbolj\u0161anje va\u0161e izku\u0161nje in zagotavljanje delovanja na\u0161ih storitev. Ta politika pi\u0161kotkov opisuje vrste pi\u0161kotkov, ki jih uporabljamo, njihov namen in va\u0161e mo\u017enosti upravljanja z njimi. 1. Kaj so pi\u0161kotki? Pi\u0161kotki so majhne besedilne datoteke, shranjene na va\u0161i napravi, ki izbolj\u0161ajo va\u0161o izku\u0161njo brskanja. Pomagajo nam zagotavljati [&hellip;]<\/p>\n","protected":false},"author":117,"featured_media":4875,"parent":0,"menu_order":0,"comment_status":"closed","ping_status":"closed","template":"","meta":{"_acf_changed":false,"footnotes":""},"class_list":["post-5095","page","type-page","status-publish","has-post-thumbnail","hentry"],"acf":[],"yoast_head":"<!-- This site is optimized with the Yoast SEO plugin v27.3 - https:\/\/yoast.com\/product\/yoast-seo-wordpress\/ -->\n<title>Politika pi\u0161kotkov - Tina Assistant<\/title>\n<meta name=\"robots\" content=\"index, follow, max-snippet:-1, max-image-preview:large, max-video-preview:-1\" \/>\n<link rel=\"canonical\" href=\"https:\/\/tina-assistant.com\/sl\/politika-piskotkov\/\" \/>\n<meta property=\"og:locale\" content=\"sl_SI\" \/>\n<meta property=\"og:type\" content=\"article\" \/>\n<meta property=\"og:title\" content=\"Politika pi\u0161kotkov - Tina Assistant\" \/>\n<meta property=\"og:description\" content=\"Datum za\u010detka veljavnosti: 27.11.2024 Na www.tina-assistant.com uporabljamo pi\u0161kotke za izbolj\u0161anje va\u0161e izku\u0161nje in zagotavljanje delovanja na\u0161ih storitev. Ta politika pi\u0161kotkov opisuje vrste pi\u0161kotkov, ki jih uporabljamo, njihov namen in va\u0161e mo\u017enosti upravljanja z njimi. 1. Kaj so pi\u0161kotki? Pi\u0161kotki so majhne besedilne datoteke, shranjene na va\u0161i napravi, ki izbolj\u0161ajo va\u0161o izku\u0161njo brskanja. Pomagajo nam zagotavljati [&hellip;]\" \/>\n<meta property=\"og:url\" content=\"https:\/\/tina-assistant.com\/sl\/politika-piskotkov\/\" \/>\n<meta property=\"og:site_name\" content=\"Tina Assistant\" \/>\n<meta property=\"article:publisher\" content=\"https:\/\/www.facebook.com\/Centrum-cognitio-105944965605949\" \/>\n<meta property=\"article:modified_time\" content=\"2024-12-21T15:48:50+00:00\" \/>\n<meta name=\"twitter:card\" content=\"summary_large_image\" \/>\n<meta name=\"twitter:label1\" content=\"Est. reading time\" \/>\n\t<meta name=\"twitter:data1\" content=\"2 minuti\" \/>\n<script type=\"application\/ld+json\" class=\"yoast-schema-graph\">{\"@context\":\"https:\\\/\\\/schema.org\",\"@graph\":[{\"@type\":\"WebPage\",\"@id\":\"https:\\\/\\\/tina-assistant.com\\\/sl\\\/politika-piskotkov\\\/\",\"url\":\"https:\\\/\\\/tina-assistant.com\\\/sl\\\/politika-piskotkov\\\/\",\"name\":\"Politika pi\u0161kotkov - Tina Assistant\",\"isPartOf\":{\"@id\":\"https:\\\/\\\/tina-assistant.com\\\/sl\\\/#website\"},\"primaryImageOfPage\":{\"@id\":\"https:\\\/\\\/tina-assistant.com\\\/sl\\\/politika-piskotkov\\\/#primaryimage\"},\"image\":{\"@id\":\"https:\\\/\\\/tina-assistant.com\\\/sl\\\/politika-piskotkov\\\/#primaryimage\"},\"thumbnailUrl\":\"https:\\\/\\\/tina-assistant.com\\\/wp-content\\\/uploads\\\/2024\\\/10\\\/cookies.svg\",\"datePublished\":\"2024-12-20T19:49:15+00:00\",\"dateModified\":\"2024-12-21T15:48:50+00:00\",\"breadcrumb\":{\"@id\":\"https:\\\/\\\/tina-assistant.com\\\/sl\\\/politika-piskotkov\\\/#breadcrumb\"},\"inLanguage\":\"sl-SI\",\"potentialAction\":[{\"@type\":\"ReadAction\",\"target\":[\"https:\\\/\\\/tina-assistant.com\\\/sl\\\/politika-piskotkov\\\/\"]}]},{\"@type\":\"ImageObject\",\"inLanguage\":\"sl-SI\",\"@id\":\"https:\\\/\\\/tina-assistant.com\\\/sl\\\/politika-piskotkov\\\/#primaryimage\",\"url\":\"https:\\\/\\\/tina-assistant.com\\\/wp-content\\\/uploads\\\/2024\\\/10\\\/cookies.svg\",\"contentUrl\":\"https:\\\/\\\/tina-assistant.com\\\/wp-content\\\/uploads\\\/2024\\\/10\\\/cookies.svg\",\"width\":292,\"height\":292},{\"@type\":\"BreadcrumbList\",\"@id\":\"https:\\\/\\\/tina-assistant.com\\\/sl\\\/politika-piskotkov\\\/#breadcrumb\",\"itemListElement\":[{\"@type\":\"ListItem\",\"position\":1,\"name\":\"Home\",\"item\":\"https:\\\/\\\/tina-assistant.com\\\/sl\\\/\"},{\"@type\":\"ListItem\",\"position\":2,\"name\":\"Politika pi\u0161kotkov\"}]},{\"@type\":\"WebSite\",\"@id\":\"https:\\\/\\\/tina-assistant.com\\\/sl\\\/#website\",\"url\":\"https:\\\/\\\/tina-assistant.com\\\/sl\\\/\",\"name\":\"Tina Assistant\",\"description\":\"Therapist intelligent assistant\",\"publisher\":{\"@id\":\"https:\\\/\\\/tina-assistant.com\\\/sl\\\/#organization\"},\"potentialAction\":[{\"@type\":\"SearchAction\",\"target\":{\"@type\":\"EntryPoint\",\"urlTemplate\":\"https:\\\/\\\/tina-assistant.com\\\/sl\\\/?s={search_term_string}\"},\"query-input\":{\"@type\":\"PropertyValueSpecification\",\"valueRequired\":true,\"valueName\":\"search_term_string\"}}],\"inLanguage\":\"sl-SI\"},{\"@type\":\"Organization\",\"@id\":\"https:\\\/\\\/tina-assistant.com\\\/sl\\\/#organization\",\"name\":\"Centrum Cognitio d.o.o.\",\"alternateName\":\"Tina Assistant\",\"url\":\"https:\\\/\\\/tina-assistant.com\\\/sl\\\/\",\"logo\":{\"@type\":\"ImageObject\",\"inLanguage\":\"sl-SI\",\"@id\":\"https:\\\/\\\/tina-assistant.com\\\/sl\\\/#\\\/schema\\\/logo\\\/image\\\/\",\"url\":\"https:\\\/\\\/tina-assistant.com\\\/wp-content\\\/uploads\\\/2024\\\/12\\\/tina-logo.svg\",\"contentUrl\":\"https:\\\/\\\/tina-assistant.com\\\/wp-content\\\/uploads\\\/2024\\\/12\\\/tina-logo.svg\",\"caption\":\"Centrum Cognitio d.o.o.\"},\"image\":{\"@id\":\"https:\\\/\\\/tina-assistant.com\\\/sl\\\/#\\\/schema\\\/logo\\\/image\\\/\"},\"sameAs\":[\"https:\\\/\\\/www.facebook.com\\\/Centrum-cognitio-105944965605949\",\"https:\\\/\\\/www.linkedin.com\\\/company\\\/centrum-cognitio\\\/\"]}]}<\/script>\n<!-- \/ Yoast SEO plugin. -->","yoast_head_json":{"title":"Politika pi\u0161kotkov - Tina Assistant","robots":{"index":"index","follow":"follow","max-snippet":"max-snippet:-1","max-image-preview":"max-image-preview:large","max-video-preview":"max-video-preview:-1"},"canonical":"https:\/\/tina-assistant.com\/sl\/politika-piskotkov\/","og_locale":"sl_SI","og_type":"article","og_title":"Politika pi\u0161kotkov - Tina Assistant","og_description":"Datum za\u010detka veljavnosti: 27.11.2024 Na www.tina-assistant.com uporabljamo pi\u0161kotke za izbolj\u0161anje va\u0161e izku\u0161nje in zagotavljanje delovanja na\u0161ih storitev. Ta politika pi\u0161kotkov opisuje vrste pi\u0161kotkov, ki jih uporabljamo, njihov namen in va\u0161e mo\u017enosti upravljanja z njimi. 1. Kaj so pi\u0161kotki? Pi\u0161kotki so majhne besedilne datoteke, shranjene na va\u0161i napravi, ki izbolj\u0161ajo va\u0161o izku\u0161njo brskanja. Pomagajo nam zagotavljati [&hellip;]","og_url":"https:\/\/tina-assistant.com\/sl\/politika-piskotkov\/","og_site_name":"Tina Assistant","article_publisher":"https:\/\/www.facebook.com\/Centrum-cognitio-105944965605949","article_modified_time":"2024-12-21T15:48:50+00:00","twitter_card":"summary_large_image","twitter_misc":{"Est. reading time":"2 minuti"},"schema":{"@context":"https:\/\/schema.org","@graph":[{"@type":"WebPage","@id":"https:\/\/tina-assistant.com\/sl\/politika-piskotkov\/","url":"https:\/\/tina-assistant.com\/sl\/politika-piskotkov\/","name":"Politika pi\u0161kotkov - Tina Assistant","isPartOf":{"@id":"https:\/\/tina-assistant.com\/sl\/#website"},"primaryImageOfPage":{"@id":"https:\/\/tina-assistant.com\/sl\/politika-piskotkov\/#primaryimage"},"image":{"@id":"https:\/\/tina-assistant.com\/sl\/politika-piskotkov\/#primaryimage"},"thumbnailUrl":"https:\/\/tina-assistant.com\/wp-content\/uploads\/2024\/10\/cookies.svg","datePublished":"2024-12-20T19:49:15+00:00","dateModified":"2024-12-21T15:48:50+00:00","breadcrumb":{"@id":"https:\/\/tina-assistant.com\/sl\/politika-piskotkov\/#breadcrumb"},"inLanguage":"sl-SI","potentialAction":[{"@type":"ReadAction","target":["https:\/\/tina-assistant.com\/sl\/politika-piskotkov\/"]}]},{"@type":"ImageObject","inLanguage":"sl-SI","@id":"https:\/\/tina-assistant.com\/sl\/politika-piskotkov\/#primaryimage","url":"https:\/\/tina-assistant.com\/wp-content\/uploads\/2024\/10\/cookies.svg","contentUrl":"https:\/\/tina-assistant.com\/wp-content\/uploads\/2024\/10\/cookies.svg","width":292,"height":292},{"@type":"BreadcrumbList","@id":"https:\/\/tina-assistant.com\/sl\/politika-piskotkov\/#breadcrumb","itemListElement":[{"@type":"ListItem","position":1,"name":"Home","item":"https:\/\/tina-assistant.com\/sl\/"},{"@type":"ListItem","position":2,"name":"Politika pi\u0161kotkov"}]},{"@type":"WebSite","@id":"https:\/\/tina-assistant.com\/sl\/#website","url":"https:\/\/tina-assistant.com\/sl\/","name":"Tina Assistant","description":"Therapist intelligent assistant","publisher":{"@id":"https:\/\/tina-assistant.com\/sl\/#organization"},"potentialAction":[{"@type":"SearchAction","target":{"@type":"EntryPoint","urlTemplate":"https:\/\/tina-assistant.com\/sl\/?s={search_term_string}"},"query-input":{"@type":"PropertyValueSpecification","valueRequired":true,"valueName":"search_term_string"}}],"inLanguage":"sl-SI"},{"@type":"Organization","@id":"https:\/\/tina-assistant.com\/sl\/#organization","name":"Centrum Cognitio d.o.o.","alternateName":"Tina Assistant","url":"https:\/\/tina-assistant.com\/sl\/","logo":{"@type":"ImageObject","inLanguage":"sl-SI","@id":"https:\/\/tina-assistant.com\/sl\/#\/schema\/logo\/image\/","url":"https:\/\/tina-assistant.com\/wp-content\/uploads\/2024\/12\/tina-logo.svg","contentUrl":"https:\/\/tina-assistant.com\/wp-content\/uploads\/2024\/12\/tina-logo.svg","caption":"Centrum Cognitio d.o.o."},"image":{"@id":"https:\/\/tina-assistant.com\/sl\/#\/schema\/logo\/image\/"},"sameAs":["https:\/\/www.facebook.com\/Centrum-cognitio-105944965605949","https:\/\/www.linkedin.com\/company\/centrum-cognitio\/"]}]}},"_links":{"self":[{"href":"https:\/\/tina-assistant.com\/sl\/wp-json\/wp\/v2\/pages\/5095","targetHints":{"allow":["GET"]}}],"collection":[{"href":"https:\/\/tina-assistant.com\/sl\/wp-json\/wp\/v2\/pages"}],"about":[{"href":"https:\/\/tina-assistant.com\/sl\/wp-json\/wp\/v2\/types\/page"}],"author":[{"embeddable":true,"href":"https:\/\/tina-assistant.com\/sl\/wp-json\/wp\/v2\/users\/117"}],"replies":[{"embeddable":true,"href":"https:\/\/tina-assistant.com\/sl\/wp-json\/wp\/v2\/comments?post=5095"}],"version-history":[{"count":1,"href":"https:\/\/tina-assistant.com\/sl\/wp-json\/wp\/v2\/pages\/5095\/revisions"}],"predecessor-version":[{"id":5096,"href":"https:\/\/tina-assistant.com\/sl\/wp-json\/wp\/v2\/pages\/5095\/revisions\/5096"}],"wp:featuredmedia":[{"embeddable":true,"href":"https:\/\/tina-assistant.com\/sl\/wp-json\/wp\/v2\/media\/4875"}],"wp:attachment":[{"href":"https:\/\/tina-assistant.com\/sl\/wp-json\/wp\/v2\/media?parent=5095"}],"curies":[{"name":"wp","href":"https:\/\/api.w.org\/{rel}","templated":true}]}}