{"id":5097,"date":"2024-12-20T19:49:00","date_gmt":"2024-12-20T19:49:00","guid":{"rendered":"https:\/\/tina-assistant.com\/politika-zasebnosti\/"},"modified":"2024-12-21T15:50:20","modified_gmt":"2024-12-21T15:50:20","slug":"politika-zasebnosti","status":"publish","type":"page","link":"https:\/\/tina-assistant.com\/sl\/politika-zasebnosti\/","title":{"rendered":"Politika zasebnosti"},"content":{"rendered":"\t\t<div data-elementor-type=\"wp-page\" data-elementor-id=\"5097\" class=\"elementor elementor-5097 elementor-4833\" data-elementor-post-type=\"page\">\n\t\t\t\t<div data-particle_enable=\"false\" data-particle-mobile-disabled=\"false\" class=\"elementor-element elementor-element-f1b98a e-flex e-con-boxed e-con e-parent\" data-id=\"f1b98a\" data-element_type=\"container\" data-e-type=\"container\">\n\t\t\t\t\t<div class=\"e-con-inner\">\n\t\t\t\t<div class=\"elementor-element elementor-element-7ed22649 elementor-widget elementor-widget-text-editor\" data-id=\"7ed22649\" data-element_type=\"widget\" data-e-type=\"widget\" data-widget_type=\"text-editor.default\">\n\t\t\t\t<div class=\"elementor-widget-container\">\n\t\t\t\t\t\t\t\t\t<p>Zadnja posodobitev: 27.11.2024<\/p>\n<p>V podjetju Centrum Cognitio d.o.o. (&#8220;mi,&#8221; &#8220;na\u0161,&#8221; &#8220;nas&#8221;) nam je va\u0161a zasebnost zelo pomembna. Ta politika zasebnosti pojasnjuje, kako zbiramo, uporabljamo, delimo in varujemo va\u0161e osebne podatke, ko uporabljate na\u0161o spletno stran [www.tina-assistant.com] (&#8220;Spletna stran&#8221;) in storitve.<\/p>\t\t\t\t\t\t\t\t<\/div>\n\t\t\t\t<\/div>\n\t\t\t\t\t<\/div>\n\t\t\t\t<\/div>\n\t\t<div data-particle_enable=\"false\" data-particle-mobile-disabled=\"false\" class=\"elementor-element elementor-element-7b68dd61 e-flex e-con-boxed e-con e-parent\" data-id=\"7b68dd61\" data-element_type=\"container\" data-e-type=\"container\">\n\t\t\t\t\t<div class=\"e-con-inner\">\n\t\t\t\t<div class=\"elementor-element elementor-element-2e2f6eb elementor-widget elementor-widget-heading\" data-id=\"2e2f6eb\" data-element_type=\"widget\" data-e-type=\"widget\" data-widget_type=\"heading.default\">\n\t\t\t\t<div class=\"elementor-widget-container\">\n\t\t\t\t\t<h2 class=\"elementor-heading-title elementor-size-default\">1. Katere osebne podatke zbiramo?<\/h2>\t\t\t\t<\/div>\n\t\t\t\t<\/div>\n\t\t\t\t<div class=\"elementor-element elementor-element-3c967d67 elementor-widget elementor-widget-text-editor\" data-id=\"3c967d67\" data-element_type=\"widget\" data-e-type=\"widget\" data-widget_type=\"text-editor.default\">\n\t\t\t\t<div class=\"elementor-widget-container\">\n\t\t\t\t\t\t\t\t\t<p>Zbiramo in obdelujemo naslednje osebne podatke:<\/p>\n<ul>\n<li><strong>E-po\u0161tni naslov:<\/strong> Zbran ob prijavi na na\u0161e storitve, novice, promocije ali druga komunikacijska gradiva.<\/li>\n<\/ul>\n\t\t\t\t\t\t\t\t<\/div>\n\t\t\t\t<\/div>\n\t\t\t\t\t<\/div>\n\t\t\t\t<\/div>\n\t\t<div data-particle_enable=\"false\" data-particle-mobile-disabled=\"false\" class=\"elementor-element elementor-element-2c16b1fa e-flex e-con-boxed e-con e-parent\" data-id=\"2c16b1fa\" data-element_type=\"container\" data-e-type=\"container\">\n\t\t\t\t\t<div class=\"e-con-inner\">\n\t\t\t\t<div class=\"elementor-element elementor-element-71368e2d elementor-widget elementor-widget-heading\" data-id=\"71368e2d\" data-element_type=\"widget\" data-e-type=\"widget\" data-widget_type=\"heading.default\">\n\t\t\t\t<div class=\"elementor-widget-container\">\n\t\t\t\t\t<h2 class=\"elementor-heading-title elementor-size-default\">2. Zakaj zbiramo va\u0161e podatke?<\/h2>\t\t\t\t<\/div>\n\t\t\t\t<\/div>\n\t\t\t\t<div class=\"elementor-element elementor-element-8627b45 elementor-widget elementor-widget-text-editor\" data-id=\"8627b45\" data-element_type=\"widget\" data-e-type=\"widget\" data-widget_type=\"text-editor.default\">\n\t\t\t\t<div class=\"elementor-widget-container\">\n\t\t\t\t\t\t\t\t\t<p>Va\u0161e osebne podatke uporabljamo za naslednje namene:<\/p>\n<ol>\n<li>Za po\u0161iljanje posodobitev o na\u0161ih storitvah, novicah in promocijah.<\/li>\n<li>Za komunikacijo z vami v zvezi z va\u0161imi vpra\u0161anji ali povratnimi informacijami.<\/li>\n<\/ol>\n<p>Va\u0161e osebne podatke obdelujemo izklju\u010dno za namene, opisane v tej politiki.<\/p>\n\t\t\t\t\t\t\t\t<\/div>\n\t\t\t\t<\/div>\n\t\t\t\t\t<\/div>\n\t\t\t\t<\/div>\n\t\t<div data-particle_enable=\"false\" data-particle-mobile-disabled=\"false\" class=\"elementor-element elementor-element-213bf005 e-flex e-con-boxed e-con e-parent\" data-id=\"213bf005\" data-element_type=\"container\" data-e-type=\"container\">\n\t\t\t\t\t<div class=\"e-con-inner\">\n\t\t\t\t<div class=\"elementor-element elementor-element-2e024f27 elementor-widget elementor-widget-heading\" data-id=\"2e024f27\" data-element_type=\"widget\" data-e-type=\"widget\" data-widget_type=\"heading.default\">\n\t\t\t\t<div class=\"elementor-widget-container\">\n\t\t\t\t\t<h2 class=\"elementor-heading-title elementor-size-default\">3. S kom delimo va\u0161e podatke?<\/h2>\t\t\t\t<\/div>\n\t\t\t\t<\/div>\n\t\t\t\t<div class=\"elementor-element elementor-element-1741cfb6 elementor-widget elementor-widget-text-editor\" data-id=\"1741cfb6\" data-element_type=\"widget\" data-e-type=\"widget\" data-widget_type=\"text-editor.default\">\n\t\t\t\t<div class=\"elementor-widget-container\">\n\t\t\t\t\t\t\t\t\t<p>Va\u0161e osebne podatke delimo z naslednjo tretjo osebo:<\/p>\n<ul>\n<li><strong>Mailchimp:<\/strong> Za upravljanje in po\u0161iljanje e-po\u0161tnih sporo\u010dil. Mailchimp je v skladu z evropsko uredbo o splo\u0161ni varstvu podatkov (GDPR).<\/li>\n<\/ul>\n<p>Va\u0161i podatki ne bodo prodani ali deljeni z drugimi tretjimi osebami brez va\u0161ega soglasja.<\/p>\n\t\t\t\t\t\t\t\t<\/div>\n\t\t\t\t<\/div>\n\t\t\t\t\t<\/div>\n\t\t\t\t<\/div>\n\t\t<div data-particle_enable=\"false\" data-particle-mobile-disabled=\"false\" class=\"elementor-element elementor-element-53785cab e-flex e-con-boxed e-con e-parent\" data-id=\"53785cab\" data-element_type=\"container\" data-e-type=\"container\">\n\t\t\t\t\t<div class=\"e-con-inner\">\n\t\t\t\t<div class=\"elementor-element elementor-element-7acbe6b8 elementor-widget elementor-widget-heading\" data-id=\"7acbe6b8\" data-element_type=\"widget\" data-e-type=\"widget\" data-widget_type=\"heading.default\">\n\t\t\t\t<div class=\"elementor-widget-container\">\n\t\t\t\t\t<h2 class=\"elementor-heading-title elementor-size-default\">4. Kje shranjujemo va\u0161e podatke?<\/h2>\t\t\t\t<\/div>\n\t\t\t\t<\/div>\n\t\t\t\t<div class=\"elementor-element elementor-element-78512e2a elementor-widget elementor-widget-text-editor\" data-id=\"78512e2a\" data-element_type=\"widget\" data-e-type=\"widget\" data-widget_type=\"text-editor.default\">\n\t\t\t\t<div class=\"elementor-widget-container\">\n\t\t\t\t\t\t\t\t\t<p>Va\u0161i osebni podatki se shranjujejo in obdelujejo izklju\u010dno znotraj Evropske unije. Uporabljamo storitve, ki so v skladu z uredbami o varstvu podatkov EU.<\/p>\n\t\t\t\t\t\t\t\t<\/div>\n\t\t\t\t<\/div>\n\t\t\t\t\t<\/div>\n\t\t\t\t<\/div>\n\t\t<div data-particle_enable=\"false\" data-particle-mobile-disabled=\"false\" class=\"elementor-element elementor-element-3e931731 e-flex e-con-boxed e-con e-parent\" data-id=\"3e931731\" data-element_type=\"container\" data-e-type=\"container\">\n\t\t\t\t\t<div class=\"e-con-inner\">\n\t\t\t\t<div class=\"elementor-element elementor-element-2c51d808 elementor-widget elementor-widget-heading\" data-id=\"2c51d808\" data-element_type=\"widget\" data-e-type=\"widget\" data-widget_type=\"heading.default\">\n\t\t\t\t<div class=\"elementor-widget-container\">\n\t\t\t\t\t<h2 class=\"elementor-heading-title elementor-size-default\">5. Kak\u0161ne so va\u0161e pravice?<\/h2>\t\t\t\t<\/div>\n\t\t\t\t<\/div>\n\t\t\t\t<div class=\"elementor-element elementor-element-73081f15 elementor-widget elementor-widget-text-editor\" data-id=\"73081f15\" data-element_type=\"widget\" data-e-type=\"widget\" data-widget_type=\"text-editor.default\">\n\t\t\t\t<div class=\"elementor-widget-container\">\n\t\t\t\t\t\t\t\t\t<p>Va\u0161i osebni podatki<\/p>\n<p>Po uredbi o splo\u0161ni za\u0161\u010diti podatkov (GDPR) imate naslednje pravice v zvezi z va\u0161imi osebnimi podatki:<\/p>\n<ul>\n<li><strong>Pravica do dostopa:<\/strong> Imate pravico zahtevati kopijo podatkov, ki jih hranimo o vas.<\/li>\n<li><strong>Pravica do popravka:<\/strong> Imate pravico zahtevati popravek neto\u010dnih ali nepopolnih podatkov.<\/li>\n<li><strong>Pravica do izbrisa (&#8220;pravica do pozabe&#8221;):<\/strong> Lahko zahtevate izbris va\u0161ih podatkov.<\/li>\n<li><strong>Pravica do ugovora:<\/strong> Imate pravico ugovarjati obdelavi va\u0161ih podatkov za marketin\u0161ke namene.<\/li>\n<li><strong>Pravica do prenosljivosti podatkov:<\/strong> Lahko zahtevate svoje podatke v elektronski obliki za prenos k drugemu ponudniku storitev.<\/li>\n<\/ul>\n<p>Za uveljavitev teh pravic nas kontaktirajte na info@tina-assistant.com.<\/p>\n\t\t\t\t\t\t\t\t<\/div>\n\t\t\t\t<\/div>\n\t\t\t\t\t<\/div>\n\t\t\t\t<\/div>\n\t\t<div data-particle_enable=\"false\" data-particle-mobile-disabled=\"false\" class=\"elementor-element elementor-element-75786d5e e-flex e-con-boxed e-con e-parent\" data-id=\"75786d5e\" data-element_type=\"container\" data-e-type=\"container\">\n\t\t\t\t\t<div class=\"e-con-inner\">\n\t\t\t\t<div class=\"elementor-element elementor-element-1debbe91 elementor-widget elementor-widget-heading\" data-id=\"1debbe91\" data-element_type=\"widget\" data-e-type=\"widget\" data-widget_type=\"heading.default\">\n\t\t\t\t<div class=\"elementor-widget-container\">\n\t\t\t\t\t<h2 class=\"elementor-heading-title elementor-size-default\">6. Kako dolgo hranimo va\u0161e podatke?<\/h2>\t\t\t\t<\/div>\n\t\t\t\t<\/div>\n\t\t\t\t<div class=\"elementor-element elementor-element-78be8b61 elementor-widget elementor-widget-text-editor\" data-id=\"78be8b61\" data-element_type=\"widget\" data-e-type=\"widget\" data-widget_type=\"text-editor.default\">\n\t\t\t\t<div class=\"elementor-widget-container\">\n\t\t\t\t\t\t\t\t\t<p>Va\u0161 e-po\u0161tni naslov hranimo tako dolgo, kot je potrebno za izpolnitev namenov, za katere je bil zbran, ali dokler ne prekli\u010dete svojega soglasja.<\/p>\n\t\t\t\t\t\t\t\t<\/div>\n\t\t\t\t<\/div>\n\t\t\t\t\t<\/div>\n\t\t\t\t<\/div>\n\t\t<div data-particle_enable=\"false\" data-particle-mobile-disabled=\"false\" class=\"elementor-element elementor-element-5ab4768b e-flex e-con-boxed e-con e-parent\" data-id=\"5ab4768b\" data-element_type=\"container\" data-e-type=\"container\">\n\t\t\t\t\t<div class=\"e-con-inner\">\n\t\t\t\t<div class=\"elementor-element elementor-element-2eaff734 elementor-widget elementor-widget-heading\" data-id=\"2eaff734\" data-element_type=\"widget\" data-e-type=\"widget\" data-widget_type=\"heading.default\">\n\t\t\t\t<div class=\"elementor-widget-container\">\n\t\t\t\t\t<h2 class=\"elementor-heading-title elementor-size-default\">7. Spremembe te politike zasebnosti<\/h2>\t\t\t\t<\/div>\n\t\t\t\t<\/div>\n\t\t\t\t<div class=\"elementor-element elementor-element-4b82a4a4 elementor-widget elementor-widget-text-editor\" data-id=\"4b82a4a4\" data-element_type=\"widget\" data-e-type=\"widget\" data-widget_type=\"text-editor.default\">\n\t\t\t\t<div class=\"elementor-widget-container\">\n\t\t\t\t\t\t\t\t\t<p>Pridr\u017eujemo si pravico do spremembe te politike zasebnosti kadar koli. Vse posodobitve bodo objavljene na tej strani, po potrebi pa boste o njih obve\u0161\u010deni prek e-po\u0161te.<\/p>\n\t\t\t\t\t\t\t\t<\/div>\n\t\t\t\t<\/div>\n\t\t\t\t\t<\/div>\n\t\t\t\t<\/div>\n\t\t<div data-particle_enable=\"false\" data-particle-mobile-disabled=\"false\" class=\"elementor-element elementor-element-449973ad e-flex e-con-boxed e-con e-parent\" data-id=\"449973ad\" data-element_type=\"container\" data-e-type=\"container\">\n\t\t\t\t\t<div class=\"e-con-inner\">\n\t\t\t\t<div class=\"elementor-element elementor-element-6f5d5c04 elementor-widget elementor-widget-heading\" data-id=\"6f5d5c04\" data-element_type=\"widget\" data-e-type=\"widget\" data-widget_type=\"heading.default\">\n\t\t\t\t<div class=\"elementor-widget-container\">\n\t\t\t\t\t<h2 class=\"elementor-heading-title elementor-size-default\">8. Kontaktirajte nas<\/h2>\t\t\t\t<\/div>\n\t\t\t\t<\/div>\n\t\t\t\t<div class=\"elementor-element elementor-element-b14f484 elementor-widget elementor-widget-text-editor\" data-id=\"b14f484\" data-element_type=\"widget\" data-e-type=\"widget\" data-widget_type=\"text-editor.default\">\n\t\t\t\t<div class=\"elementor-widget-container\">\n\t\t\t\t\t\t\t\t\t<p>\u010ce imate kakr\u0161na koli vpra\u0161anja ali \u017eelite uveljavljati svoje pravice, nas kontaktirajte na:<\/p>\n<ul>\n<li><strong>E-po\u0161ta:<\/strong> info@tina-assistant.com<\/li>\n<\/ul>\n\t\t\t\t\t\t\t\t<\/div>\n\t\t\t\t<\/div>\n\t\t\t\t\t<\/div>\n\t\t\t\t<\/div>\n\t\t\t\t<\/div>\n\t\t","protected":false},"excerpt":{"rendered":"<p>Zadnja posodobitev: 27.11.2024 V podjetju Centrum Cognitio d.o.o. (&#8220;mi,&#8221; &#8220;na\u0161,&#8221; &#8220;nas&#8221;) nam je va\u0161a zasebnost zelo pomembna. Ta politika zasebnosti pojasnjuje, kako zbiramo, uporabljamo, delimo in varujemo va\u0161e osebne podatke, ko uporabljate na\u0161o spletno stran [www.tina-assistant.com] (&#8220;Spletna stran&#8221;) in storitve. 1. Katere osebne podatke zbiramo? Zbiramo in obdelujemo naslednje osebne podatke: E-po\u0161tni naslov: Zbran ob [&hellip;]<\/p>\n","protected":false},"author":117,"featured_media":4837,"parent":0,"menu_order":0,"comment_status":"closed","ping_status":"closed","template":"","meta":{"_acf_changed":false,"footnotes":""},"class_list":["post-5097","page","type-page","status-publish","has-post-thumbnail","hentry"],"acf":[],"yoast_head":"<!-- This site is optimized with the Yoast SEO plugin v27.3 - https:\/\/yoast.com\/product\/yoast-seo-wordpress\/ -->\n<title>Politika zasebnosti - Tina Assistant<\/title>\n<meta name=\"robots\" content=\"index, follow, max-snippet:-1, max-image-preview:large, max-video-preview:-1\" \/>\n<link rel=\"canonical\" href=\"https:\/\/tina-assistant.com\/sl\/politika-zasebnosti\/\" \/>\n<meta property=\"og:locale\" content=\"sl_SI\" \/>\n<meta property=\"og:type\" content=\"article\" \/>\n<meta property=\"og:title\" content=\"Politika zasebnosti - Tina Assistant\" \/>\n<meta property=\"og:description\" content=\"Zadnja posodobitev: 27.11.2024 V podjetju Centrum Cognitio d.o.o. (&#8220;mi,&#8221; &#8220;na\u0161,&#8221; &#8220;nas&#8221;) nam je va\u0161a zasebnost zelo pomembna. Ta politika zasebnosti pojasnjuje, kako zbiramo, uporabljamo, delimo in varujemo va\u0161e osebne podatke, ko uporabljate na\u0161o spletno stran [www.tina-assistant.com] (&#8220;Spletna stran&#8221;) in storitve. 1. Katere osebne podatke zbiramo? Zbiramo in obdelujemo naslednje osebne podatke: E-po\u0161tni naslov: Zbran ob [&hellip;]\" \/>\n<meta property=\"og:url\" content=\"https:\/\/tina-assistant.com\/sl\/politika-zasebnosti\/\" \/>\n<meta property=\"og:site_name\" content=\"Tina Assistant\" \/>\n<meta property=\"article:publisher\" content=\"https:\/\/www.facebook.com\/Centrum-cognitio-105944965605949\" \/>\n<meta property=\"article:modified_time\" content=\"2024-12-21T15:50:20+00:00\" \/>\n<meta name=\"twitter:card\" content=\"summary_large_image\" \/>\n<meta name=\"twitter:label1\" content=\"Est. reading time\" \/>\n\t<meta name=\"twitter:data1\" content=\"2 minuti\" \/>\n<script type=\"application\/ld+json\" class=\"yoast-schema-graph\">{\"@context\":\"https:\\\/\\\/schema.org\",\"@graph\":[{\"@type\":\"WebPage\",\"@id\":\"https:\\\/\\\/tina-assistant.com\\\/sl\\\/politika-zasebnosti\\\/\",\"url\":\"https:\\\/\\\/tina-assistant.com\\\/sl\\\/politika-zasebnosti\\\/\",\"name\":\"Politika zasebnosti - Tina Assistant\",\"isPartOf\":{\"@id\":\"https:\\\/\\\/tina-assistant.com\\\/sl\\\/#website\"},\"primaryImageOfPage\":{\"@id\":\"https:\\\/\\\/tina-assistant.com\\\/sl\\\/politika-zasebnosti\\\/#primaryimage\"},\"image\":{\"@id\":\"https:\\\/\\\/tina-assistant.com\\\/sl\\\/politika-zasebnosti\\\/#primaryimage\"},\"thumbnailUrl\":\"https:\\\/\\\/tina-assistant.com\\\/wp-content\\\/uploads\\\/2024\\\/12\\\/privacy.svg\",\"datePublished\":\"2024-12-20T19:49:00+00:00\",\"dateModified\":\"2024-12-21T15:50:20+00:00\",\"breadcrumb\":{\"@id\":\"https:\\\/\\\/tina-assistant.com\\\/sl\\\/politika-zasebnosti\\\/#breadcrumb\"},\"inLanguage\":\"sl-SI\",\"potentialAction\":[{\"@type\":\"ReadAction\",\"target\":[\"https:\\\/\\\/tina-assistant.com\\\/sl\\\/politika-zasebnosti\\\/\"]}]},{\"@type\":\"ImageObject\",\"inLanguage\":\"sl-SI\",\"@id\":\"https:\\\/\\\/tina-assistant.com\\\/sl\\\/politika-zasebnosti\\\/#primaryimage\",\"url\":\"https:\\\/\\\/tina-assistant.com\\\/wp-content\\\/uploads\\\/2024\\\/12\\\/privacy.svg\",\"contentUrl\":\"https:\\\/\\\/tina-assistant.com\\\/wp-content\\\/uploads\\\/2024\\\/12\\\/privacy.svg\"},{\"@type\":\"BreadcrumbList\",\"@id\":\"https:\\\/\\\/tina-assistant.com\\\/sl\\\/politika-zasebnosti\\\/#breadcrumb\",\"itemListElement\":[{\"@type\":\"ListItem\",\"position\":1,\"name\":\"Home\",\"item\":\"https:\\\/\\\/tina-assistant.com\\\/sl\\\/\"},{\"@type\":\"ListItem\",\"position\":2,\"name\":\"Politika zasebnosti\"}]},{\"@type\":\"WebSite\",\"@id\":\"https:\\\/\\\/tina-assistant.com\\\/sl\\\/#website\",\"url\":\"https:\\\/\\\/tina-assistant.com\\\/sl\\\/\",\"name\":\"Tina Assistant\",\"description\":\"Therapist intelligent assistant\",\"publisher\":{\"@id\":\"https:\\\/\\\/tina-assistant.com\\\/sl\\\/#organization\"},\"potentialAction\":[{\"@type\":\"SearchAction\",\"target\":{\"@type\":\"EntryPoint\",\"urlTemplate\":\"https:\\\/\\\/tina-assistant.com\\\/sl\\\/?s={search_term_string}\"},\"query-input\":{\"@type\":\"PropertyValueSpecification\",\"valueRequired\":true,\"valueName\":\"search_term_string\"}}],\"inLanguage\":\"sl-SI\"},{\"@type\":\"Organization\",\"@id\":\"https:\\\/\\\/tina-assistant.com\\\/sl\\\/#organization\",\"name\":\"Centrum Cognitio d.o.o.\",\"alternateName\":\"Tina Assistant\",\"url\":\"https:\\\/\\\/tina-assistant.com\\\/sl\\\/\",\"logo\":{\"@type\":\"ImageObject\",\"inLanguage\":\"sl-SI\",\"@id\":\"https:\\\/\\\/tina-assistant.com\\\/sl\\\/#\\\/schema\\\/logo\\\/image\\\/\",\"url\":\"https:\\\/\\\/tina-assistant.com\\\/wp-content\\\/uploads\\\/2024\\\/12\\\/tina-logo.svg\",\"contentUrl\":\"https:\\\/\\\/tina-assistant.com\\\/wp-content\\\/uploads\\\/2024\\\/12\\\/tina-logo.svg\",\"caption\":\"Centrum Cognitio d.o.o.\"},\"image\":{\"@id\":\"https:\\\/\\\/tina-assistant.com\\\/sl\\\/#\\\/schema\\\/logo\\\/image\\\/\"},\"sameAs\":[\"https:\\\/\\\/www.facebook.com\\\/Centrum-cognitio-105944965605949\",\"https:\\\/\\\/www.linkedin.com\\\/company\\\/centrum-cognitio\\\/\"]}]}<\/script>\n<!-- \/ Yoast SEO plugin. -->","yoast_head_json":{"title":"Politika zasebnosti - Tina Assistant","robots":{"index":"index","follow":"follow","max-snippet":"max-snippet:-1","max-image-preview":"max-image-preview:large","max-video-preview":"max-video-preview:-1"},"canonical":"https:\/\/tina-assistant.com\/sl\/politika-zasebnosti\/","og_locale":"sl_SI","og_type":"article","og_title":"Politika zasebnosti - Tina Assistant","og_description":"Zadnja posodobitev: 27.11.2024 V podjetju Centrum Cognitio d.o.o. (&#8220;mi,&#8221; &#8220;na\u0161,&#8221; &#8220;nas&#8221;) nam je va\u0161a zasebnost zelo pomembna. Ta politika zasebnosti pojasnjuje, kako zbiramo, uporabljamo, delimo in varujemo va\u0161e osebne podatke, ko uporabljate na\u0161o spletno stran [www.tina-assistant.com] (&#8220;Spletna stran&#8221;) in storitve. 1. Katere osebne podatke zbiramo? Zbiramo in obdelujemo naslednje osebne podatke: E-po\u0161tni naslov: Zbran ob [&hellip;]","og_url":"https:\/\/tina-assistant.com\/sl\/politika-zasebnosti\/","og_site_name":"Tina Assistant","article_publisher":"https:\/\/www.facebook.com\/Centrum-cognitio-105944965605949","article_modified_time":"2024-12-21T15:50:20+00:00","twitter_card":"summary_large_image","twitter_misc":{"Est. reading time":"2 minuti"},"schema":{"@context":"https:\/\/schema.org","@graph":[{"@type":"WebPage","@id":"https:\/\/tina-assistant.com\/sl\/politika-zasebnosti\/","url":"https:\/\/tina-assistant.com\/sl\/politika-zasebnosti\/","name":"Politika zasebnosti - Tina Assistant","isPartOf":{"@id":"https:\/\/tina-assistant.com\/sl\/#website"},"primaryImageOfPage":{"@id":"https:\/\/tina-assistant.com\/sl\/politika-zasebnosti\/#primaryimage"},"image":{"@id":"https:\/\/tina-assistant.com\/sl\/politika-zasebnosti\/#primaryimage"},"thumbnailUrl":"https:\/\/tina-assistant.com\/wp-content\/uploads\/2024\/12\/privacy.svg","datePublished":"2024-12-20T19:49:00+00:00","dateModified":"2024-12-21T15:50:20+00:00","breadcrumb":{"@id":"https:\/\/tina-assistant.com\/sl\/politika-zasebnosti\/#breadcrumb"},"inLanguage":"sl-SI","potentialAction":[{"@type":"ReadAction","target":["https:\/\/tina-assistant.com\/sl\/politika-zasebnosti\/"]}]},{"@type":"ImageObject","inLanguage":"sl-SI","@id":"https:\/\/tina-assistant.com\/sl\/politika-zasebnosti\/#primaryimage","url":"https:\/\/tina-assistant.com\/wp-content\/uploads\/2024\/12\/privacy.svg","contentUrl":"https:\/\/tina-assistant.com\/wp-content\/uploads\/2024\/12\/privacy.svg"},{"@type":"BreadcrumbList","@id":"https:\/\/tina-assistant.com\/sl\/politika-zasebnosti\/#breadcrumb","itemListElement":[{"@type":"ListItem","position":1,"name":"Home","item":"https:\/\/tina-assistant.com\/sl\/"},{"@type":"ListItem","position":2,"name":"Politika zasebnosti"}]},{"@type":"WebSite","@id":"https:\/\/tina-assistant.com\/sl\/#website","url":"https:\/\/tina-assistant.com\/sl\/","name":"Tina Assistant","description":"Therapist intelligent assistant","publisher":{"@id":"https:\/\/tina-assistant.com\/sl\/#organization"},"potentialAction":[{"@type":"SearchAction","target":{"@type":"EntryPoint","urlTemplate":"https:\/\/tina-assistant.com\/sl\/?s={search_term_string}"},"query-input":{"@type":"PropertyValueSpecification","valueRequired":true,"valueName":"search_term_string"}}],"inLanguage":"sl-SI"},{"@type":"Organization","@id":"https:\/\/tina-assistant.com\/sl\/#organization","name":"Centrum Cognitio d.o.o.","alternateName":"Tina Assistant","url":"https:\/\/tina-assistant.com\/sl\/","logo":{"@type":"ImageObject","inLanguage":"sl-SI","@id":"https:\/\/tina-assistant.com\/sl\/#\/schema\/logo\/image\/","url":"https:\/\/tina-assistant.com\/wp-content\/uploads\/2024\/12\/tina-logo.svg","contentUrl":"https:\/\/tina-assistant.com\/wp-content\/uploads\/2024\/12\/tina-logo.svg","caption":"Centrum Cognitio d.o.o."},"image":{"@id":"https:\/\/tina-assistant.com\/sl\/#\/schema\/logo\/image\/"},"sameAs":["https:\/\/www.facebook.com\/Centrum-cognitio-105944965605949","https:\/\/www.linkedin.com\/company\/centrum-cognitio\/"]}]}},"_links":{"self":[{"href":"https:\/\/tina-assistant.com\/sl\/wp-json\/wp\/v2\/pages\/5097","targetHints":{"allow":["GET"]}}],"collection":[{"href":"https:\/\/tina-assistant.com\/sl\/wp-json\/wp\/v2\/pages"}],"about":[{"href":"https:\/\/tina-assistant.com\/sl\/wp-json\/wp\/v2\/types\/page"}],"author":[{"embeddable":true,"href":"https:\/\/tina-assistant.com\/sl\/wp-json\/wp\/v2\/users\/117"}],"replies":[{"embeddable":true,"href":"https:\/\/tina-assistant.com\/sl\/wp-json\/wp\/v2\/comments?post=5097"}],"version-history":[{"count":1,"href":"https:\/\/tina-assistant.com\/sl\/wp-json\/wp\/v2\/pages\/5097\/revisions"}],"predecessor-version":[{"id":5098,"href":"https:\/\/tina-assistant.com\/sl\/wp-json\/wp\/v2\/pages\/5097\/revisions\/5098"}],"wp:featuredmedia":[{"embeddable":true,"href":"https:\/\/tina-assistant.com\/sl\/wp-json\/wp\/v2\/media\/4837"}],"wp:attachment":[{"href":"https:\/\/tina-assistant.com\/sl\/wp-json\/wp\/v2\/media?parent=5097"}],"curies":[{"name":"wp","href":"https:\/\/api.w.org\/{rel}","templated":true}]}}