{"id":5101,"date":"2024-12-20T19:49:01","date_gmt":"2024-12-20T19:49:01","guid":{"rendered":"https:\/\/tina-assistant.com\/varstvo-osebnih-podatkov\/"},"modified":"2024-12-21T15:55:06","modified_gmt":"2024-12-21T15:55:06","slug":"varstvo-osebnih-podatkov","status":"publish","type":"page","link":"https:\/\/tina-assistant.com\/sl\/varstvo-osebnih-podatkov\/","title":{"rendered":"Varstvo osebnih podatkov"},"content":{"rendered":"\t\t<div data-elementor-type=\"wp-page\" data-elementor-id=\"5101\" class=\"elementor elementor-5101 elementor-4838\" data-elementor-post-type=\"page\">\n\t\t\t\t<div data-particle_enable=\"false\" data-particle-mobile-disabled=\"false\" class=\"elementor-element elementor-element-12722b3f e-flex e-con-boxed e-con e-parent\" data-id=\"12722b3f\" data-element_type=\"container\" data-e-type=\"container\">\n\t\t\t\t\t<div class=\"e-con-inner\">\n\t\t\t\t<div class=\"elementor-element elementor-element-45735f60 elementor-widget elementor-widget-text-editor\" data-id=\"45735f60\" data-element_type=\"widget\" data-e-type=\"widget\" data-widget_type=\"text-editor.default\">\n\t\t\t\t<div class=\"elementor-widget-container\">\n\t\t\t\t\t\t\t\t\t<p>Odlo\u010ditev o imenovanju poobla\u0161\u010dene osebe za varstvo osebnih podatkov<\/p>\n\t\t\t\t\t\t\t\t<\/div>\n\t\t\t\t<\/div>\n\t\t\t\t<div class=\"elementor-element elementor-element-40c63d5d elementor-widget elementor-widget-text-editor\" data-id=\"40c63d5d\" data-element_type=\"widget\" data-e-type=\"widget\" data-widget_type=\"text-editor.default\">\n\t\t\t\t<div class=\"elementor-widget-container\">\n\t\t\t\t\t\t\t\t\t<p>V skladu z dolo\u010dbami \u010dlena 37 Uredbe EU 2016\/679 Evropskega parlamenta in Sveta z dne 27. aprila 2016 smo imenovali naslednje podjetje kot poobla\u0161\u010deno osebo za varstvo podatkov:<\/p>\n<p><strong>DATAINFO.SI, d.o.o. <\/strong><br \/>Tr\u017ea\u0161ka cesta 85, SI-2000 Maribor <br \/>www.datainfo.si <br \/>E-po\u0161ta: dpo@datainfo.si<br \/>Telefon: +386 (0) 2 620 4 300<\/p>\n\t\t\t\t\t\t\t\t<\/div>\n\t\t\t\t<\/div>\n\t\t\t\t\t<\/div>\n\t\t\t\t<\/div>\n\t\t\t\t<\/div>\n\t\t","protected":false},"excerpt":{"rendered":"<p>Odlo\u010ditev o imenovanju poobla\u0161\u010dene osebe za varstvo osebnih podatkov V skladu z dolo\u010dbami \u010dlena 37 Uredbe EU 2016\/679 Evropskega parlamenta in Sveta z dne 27. aprila 2016 smo imenovali naslednje podjetje kot poobla\u0161\u010deno osebo za varstvo podatkov: DATAINFO.SI, d.o.o. Tr\u017ea\u0161ka cesta 85, SI-2000 Maribor www.datainfo.si E-po\u0161ta: dpo@datainfo.siTelefon: +386 (0) 2 620 4 300<\/p>\n","protected":false},"author":117,"featured_media":4842,"parent":0,"menu_order":0,"comment_status":"closed","ping_status":"closed","template":"","meta":{"_acf_changed":false,"footnotes":""},"class_list":["post-5101","page","type-page","status-publish","has-post-thumbnail","hentry"],"acf":[],"yoast_head":"<!-- This site is optimized with the Yoast SEO plugin v27.3 - https:\/\/yoast.com\/product\/yoast-seo-wordpress\/ -->\n<title>Varstvo osebnih podatkov - Tina Assistant<\/title>\n<meta name=\"robots\" content=\"index, follow, max-snippet:-1, max-image-preview:large, max-video-preview:-1\" \/>\n<link rel=\"canonical\" href=\"https:\/\/tina-assistant.com\/sl\/varstvo-osebnih-podatkov\/\" \/>\n<meta property=\"og:locale\" content=\"sl_SI\" \/>\n<meta property=\"og:type\" content=\"article\" \/>\n<meta property=\"og:title\" content=\"Varstvo osebnih podatkov - Tina Assistant\" \/>\n<meta property=\"og:description\" content=\"Odlo\u010ditev o imenovanju poobla\u0161\u010dene osebe za varstvo osebnih podatkov V skladu z dolo\u010dbami \u010dlena 37 Uredbe EU 2016\/679 Evropskega parlamenta in Sveta z dne 27. aprila 2016 smo imenovali naslednje podjetje kot poobla\u0161\u010deno osebo za varstvo podatkov: DATAINFO.SI, d.o.o. Tr\u017ea\u0161ka cesta 85, SI-2000 Maribor www.datainfo.si E-po\u0161ta: dpo@datainfo.siTelefon: +386 (0) 2 620 4 300\" \/>\n<meta property=\"og:url\" content=\"https:\/\/tina-assistant.com\/sl\/varstvo-osebnih-podatkov\/\" \/>\n<meta property=\"og:site_name\" content=\"Tina Assistant\" \/>\n<meta property=\"article:publisher\" content=\"https:\/\/www.facebook.com\/Centrum-cognitio-105944965605949\" \/>\n<meta property=\"article:modified_time\" content=\"2024-12-21T15:55:06+00:00\" \/>\n<meta name=\"twitter:card\" content=\"summary_large_image\" \/>\n<script type=\"application\/ld+json\" class=\"yoast-schema-graph\">{\"@context\":\"https:\\\/\\\/schema.org\",\"@graph\":[{\"@type\":\"WebPage\",\"@id\":\"https:\\\/\\\/tina-assistant.com\\\/sl\\\/varstvo-osebnih-podatkov\\\/\",\"url\":\"https:\\\/\\\/tina-assistant.com\\\/sl\\\/varstvo-osebnih-podatkov\\\/\",\"name\":\"Varstvo osebnih podatkov - Tina Assistant\",\"isPartOf\":{\"@id\":\"https:\\\/\\\/tina-assistant.com\\\/sl\\\/#website\"},\"primaryImageOfPage\":{\"@id\":\"https:\\\/\\\/tina-assistant.com\\\/sl\\\/varstvo-osebnih-podatkov\\\/#primaryimage\"},\"image\":{\"@id\":\"https:\\\/\\\/tina-assistant.com\\\/sl\\\/varstvo-osebnih-podatkov\\\/#primaryimage\"},\"thumbnailUrl\":\"https:\\\/\\\/tina-assistant.com\\\/wp-content\\\/uploads\\\/2024\\\/12\\\/data-protection.svg\",\"datePublished\":\"2024-12-20T19:49:01+00:00\",\"dateModified\":\"2024-12-21T15:55:06+00:00\",\"breadcrumb\":{\"@id\":\"https:\\\/\\\/tina-assistant.com\\\/sl\\\/varstvo-osebnih-podatkov\\\/#breadcrumb\"},\"inLanguage\":\"sl-SI\",\"potentialAction\":[{\"@type\":\"ReadAction\",\"target\":[\"https:\\\/\\\/tina-assistant.com\\\/sl\\\/varstvo-osebnih-podatkov\\\/\"]}]},{\"@type\":\"ImageObject\",\"inLanguage\":\"sl-SI\",\"@id\":\"https:\\\/\\\/tina-assistant.com\\\/sl\\\/varstvo-osebnih-podatkov\\\/#primaryimage\",\"url\":\"https:\\\/\\\/tina-assistant.com\\\/wp-content\\\/uploads\\\/2024\\\/12\\\/data-protection.svg\",\"contentUrl\":\"https:\\\/\\\/tina-assistant.com\\\/wp-content\\\/uploads\\\/2024\\\/12\\\/data-protection.svg\"},{\"@type\":\"BreadcrumbList\",\"@id\":\"https:\\\/\\\/tina-assistant.com\\\/sl\\\/varstvo-osebnih-podatkov\\\/#breadcrumb\",\"itemListElement\":[{\"@type\":\"ListItem\",\"position\":1,\"name\":\"Home\",\"item\":\"https:\\\/\\\/tina-assistant.com\\\/sl\\\/\"},{\"@type\":\"ListItem\",\"position\":2,\"name\":\"Varstvo osebnih podatkov\"}]},{\"@type\":\"WebSite\",\"@id\":\"https:\\\/\\\/tina-assistant.com\\\/sl\\\/#website\",\"url\":\"https:\\\/\\\/tina-assistant.com\\\/sl\\\/\",\"name\":\"Tina Assistant\",\"description\":\"Therapist intelligent assistant\",\"publisher\":{\"@id\":\"https:\\\/\\\/tina-assistant.com\\\/sl\\\/#organization\"},\"potentialAction\":[{\"@type\":\"SearchAction\",\"target\":{\"@type\":\"EntryPoint\",\"urlTemplate\":\"https:\\\/\\\/tina-assistant.com\\\/sl\\\/?s={search_term_string}\"},\"query-input\":{\"@type\":\"PropertyValueSpecification\",\"valueRequired\":true,\"valueName\":\"search_term_string\"}}],\"inLanguage\":\"sl-SI\"},{\"@type\":\"Organization\",\"@id\":\"https:\\\/\\\/tina-assistant.com\\\/sl\\\/#organization\",\"name\":\"Centrum Cognitio d.o.o.\",\"alternateName\":\"Tina Assistant\",\"url\":\"https:\\\/\\\/tina-assistant.com\\\/sl\\\/\",\"logo\":{\"@type\":\"ImageObject\",\"inLanguage\":\"sl-SI\",\"@id\":\"https:\\\/\\\/tina-assistant.com\\\/sl\\\/#\\\/schema\\\/logo\\\/image\\\/\",\"url\":\"https:\\\/\\\/tina-assistant.com\\\/wp-content\\\/uploads\\\/2024\\\/12\\\/tina-logo.svg\",\"contentUrl\":\"https:\\\/\\\/tina-assistant.com\\\/wp-content\\\/uploads\\\/2024\\\/12\\\/tina-logo.svg\",\"caption\":\"Centrum Cognitio d.o.o.\"},\"image\":{\"@id\":\"https:\\\/\\\/tina-assistant.com\\\/sl\\\/#\\\/schema\\\/logo\\\/image\\\/\"},\"sameAs\":[\"https:\\\/\\\/www.facebook.com\\\/Centrum-cognitio-105944965605949\",\"https:\\\/\\\/www.linkedin.com\\\/company\\\/centrum-cognitio\\\/\"]}]}<\/script>\n<!-- \/ Yoast SEO plugin. -->","yoast_head_json":{"title":"Varstvo osebnih podatkov - Tina Assistant","robots":{"index":"index","follow":"follow","max-snippet":"max-snippet:-1","max-image-preview":"max-image-preview:large","max-video-preview":"max-video-preview:-1"},"canonical":"https:\/\/tina-assistant.com\/sl\/varstvo-osebnih-podatkov\/","og_locale":"sl_SI","og_type":"article","og_title":"Varstvo osebnih podatkov - Tina Assistant","og_description":"Odlo\u010ditev o imenovanju poobla\u0161\u010dene osebe za varstvo osebnih podatkov V skladu z dolo\u010dbami \u010dlena 37 Uredbe EU 2016\/679 Evropskega parlamenta in Sveta z dne 27. aprila 2016 smo imenovali naslednje podjetje kot poobla\u0161\u010deno osebo za varstvo podatkov: DATAINFO.SI, d.o.o. Tr\u017ea\u0161ka cesta 85, SI-2000 Maribor www.datainfo.si E-po\u0161ta: dpo@datainfo.siTelefon: +386 (0) 2 620 4 300","og_url":"https:\/\/tina-assistant.com\/sl\/varstvo-osebnih-podatkov\/","og_site_name":"Tina Assistant","article_publisher":"https:\/\/www.facebook.com\/Centrum-cognitio-105944965605949","article_modified_time":"2024-12-21T15:55:06+00:00","twitter_card":"summary_large_image","schema":{"@context":"https:\/\/schema.org","@graph":[{"@type":"WebPage","@id":"https:\/\/tina-assistant.com\/sl\/varstvo-osebnih-podatkov\/","url":"https:\/\/tina-assistant.com\/sl\/varstvo-osebnih-podatkov\/","name":"Varstvo osebnih podatkov - Tina Assistant","isPartOf":{"@id":"https:\/\/tina-assistant.com\/sl\/#website"},"primaryImageOfPage":{"@id":"https:\/\/tina-assistant.com\/sl\/varstvo-osebnih-podatkov\/#primaryimage"},"image":{"@id":"https:\/\/tina-assistant.com\/sl\/varstvo-osebnih-podatkov\/#primaryimage"},"thumbnailUrl":"https:\/\/tina-assistant.com\/wp-content\/uploads\/2024\/12\/data-protection.svg","datePublished":"2024-12-20T19:49:01+00:00","dateModified":"2024-12-21T15:55:06+00:00","breadcrumb":{"@id":"https:\/\/tina-assistant.com\/sl\/varstvo-osebnih-podatkov\/#breadcrumb"},"inLanguage":"sl-SI","potentialAction":[{"@type":"ReadAction","target":["https:\/\/tina-assistant.com\/sl\/varstvo-osebnih-podatkov\/"]}]},{"@type":"ImageObject","inLanguage":"sl-SI","@id":"https:\/\/tina-assistant.com\/sl\/varstvo-osebnih-podatkov\/#primaryimage","url":"https:\/\/tina-assistant.com\/wp-content\/uploads\/2024\/12\/data-protection.svg","contentUrl":"https:\/\/tina-assistant.com\/wp-content\/uploads\/2024\/12\/data-protection.svg"},{"@type":"BreadcrumbList","@id":"https:\/\/tina-assistant.com\/sl\/varstvo-osebnih-podatkov\/#breadcrumb","itemListElement":[{"@type":"ListItem","position":1,"name":"Home","item":"https:\/\/tina-assistant.com\/sl\/"},{"@type":"ListItem","position":2,"name":"Varstvo osebnih podatkov"}]},{"@type":"WebSite","@id":"https:\/\/tina-assistant.com\/sl\/#website","url":"https:\/\/tina-assistant.com\/sl\/","name":"Tina Assistant","description":"Therapist intelligent assistant","publisher":{"@id":"https:\/\/tina-assistant.com\/sl\/#organization"},"potentialAction":[{"@type":"SearchAction","target":{"@type":"EntryPoint","urlTemplate":"https:\/\/tina-assistant.com\/sl\/?s={search_term_string}"},"query-input":{"@type":"PropertyValueSpecification","valueRequired":true,"valueName":"search_term_string"}}],"inLanguage":"sl-SI"},{"@type":"Organization","@id":"https:\/\/tina-assistant.com\/sl\/#organization","name":"Centrum Cognitio d.o.o.","alternateName":"Tina Assistant","url":"https:\/\/tina-assistant.com\/sl\/","logo":{"@type":"ImageObject","inLanguage":"sl-SI","@id":"https:\/\/tina-assistant.com\/sl\/#\/schema\/logo\/image\/","url":"https:\/\/tina-assistant.com\/wp-content\/uploads\/2024\/12\/tina-logo.svg","contentUrl":"https:\/\/tina-assistant.com\/wp-content\/uploads\/2024\/12\/tina-logo.svg","caption":"Centrum Cognitio d.o.o."},"image":{"@id":"https:\/\/tina-assistant.com\/sl\/#\/schema\/logo\/image\/"},"sameAs":["https:\/\/www.facebook.com\/Centrum-cognitio-105944965605949","https:\/\/www.linkedin.com\/company\/centrum-cognitio\/"]}]}},"_links":{"self":[{"href":"https:\/\/tina-assistant.com\/sl\/wp-json\/wp\/v2\/pages\/5101","targetHints":{"allow":["GET"]}}],"collection":[{"href":"https:\/\/tina-assistant.com\/sl\/wp-json\/wp\/v2\/pages"}],"about":[{"href":"https:\/\/tina-assistant.com\/sl\/wp-json\/wp\/v2\/types\/page"}],"author":[{"embeddable":true,"href":"https:\/\/tina-assistant.com\/sl\/wp-json\/wp\/v2\/users\/117"}],"replies":[{"embeddable":true,"href":"https:\/\/tina-assistant.com\/sl\/wp-json\/wp\/v2\/comments?post=5101"}],"version-history":[{"count":1,"href":"https:\/\/tina-assistant.com\/sl\/wp-json\/wp\/v2\/pages\/5101\/revisions"}],"predecessor-version":[{"id":5102,"href":"https:\/\/tina-assistant.com\/sl\/wp-json\/wp\/v2\/pages\/5101\/revisions\/5102"}],"wp:featuredmedia":[{"embeddable":true,"href":"https:\/\/tina-assistant.com\/sl\/wp-json\/wp\/v2\/media\/4842"}],"wp:attachment":[{"href":"https:\/\/tina-assistant.com\/sl\/wp-json\/wp\/v2\/media?parent=5101"}],"curies":[{"name":"wp","href":"https:\/\/api.w.org\/{rel}","templated":true}]}}