{"id":3696,"date":"2023-12-13T12:14:09","date_gmt":"2023-12-13T12:14:09","guid":{"rendered":"https:\/\/tina-assistant.com\/product\/tina-asistent-osnovni-paket-letna-narocnina-brezplacen-preizkus\/"},"modified":"2023-12-13T12:14:09","modified_gmt":"2023-12-13T12:14:09","slug":"tina-asistent-osnovni-paket-letna-narocnina-brezplacen-preizkus","status":"publish","type":"product","link":"https:\/\/tina-assistant.com\/sl\/izdelek\/tina-asistent-osnovni-paket-letna-narocnina-brezplacen-preizkus\/","title":{"rendered":"Tina Asistent osnovni paket &#8211; letna naro\u010dnina + brezpla\u010den preizkus"},"content":{"rendered":"","protected":false},"excerpt":{"rendered":"<h2>Osnovni paket vam omogo\u010da varno vodenje strank, ustvarjanje ra\u010dunov in koledarjev.<\/h2>\n<ul>\n<li>Koledar<\/li>\n<li>dav\u010dno potrjevanje ra\u010dunov<\/li>\n<li>50 ra\u010dunov brezpla\u010dnih ra\u010dunov na mesec<\/li>\n<li>ra\u010duni v PDF<\/li>\n<li>E-kartoteka za kliente (spremljanje napredka stranke, evidentiranje in vodenje sej, evidentiranje izdanih, pla\u010danih in nepla\u010danih ra\u010dunov)<\/li>\n<li>Top varnost<\/li>\n<li>4 GB prostora za shranjevanje<\/li>\n<\/ul>\n<p>Obvestilo: \u0160e naprej razvijamo Tina Assistant in bomo dodali nove funkcije.<\/p>\n","protected":false},"featured_media":3648,"comment_status":"closed","ping_status":"closed","template":"","meta":{"_acf_changed":false},"product_brand":[],"product_cat":[55],"product_tag":[],"class_list":{"0":"post-3696","1":"product","2":"type-product","3":"status-publish","4":"has-post-thumbnail","6":"product_cat-software-sl","8":"first","9":"instock","10":"downloadable","11":"virtual","12":"taxable","13":"purchasable","14":"product-type-subscription"},"acf":[],"yoast_head":"<!-- This site is optimized with the Yoast SEO plugin v27.3 - https:\/\/yoast.com\/product\/yoast-seo-wordpress\/ -->\n<title>Tina Asistent osnovni paket - letna naro\u010dnina + brezpla\u010den preizkus - Tina Assistant<\/title>\n<meta name=\"robots\" content=\"noindex, follow\" \/>\n<meta property=\"og:locale\" content=\"sl_SI\" \/>\n<meta property=\"og:type\" content=\"article\" \/>\n<meta property=\"og:title\" content=\"Tina Asistent osnovni paket - letna naro\u010dnina + brezpla\u010den preizkus - Tina Assistant\" \/>\n<meta property=\"og:description\" content=\"Osnovni paket vam omogo\u010da varno vodenje strank, ustvarjanje ra\u010dunov in koledarjev.  Koledar  dav\u010dno potrjevanje ra\u010dunov  50 ra\u010dunov brezpla\u010dnih ra\u010dunov na mesec  ra\u010duni v PDF  E-kartoteka za kliente (spremljanje napredka stranke, evidentiranje in vodenje sej, evidentiranje izdanih, pla\u010danih in nepla\u010danih ra\u010dunov)  Top varnost  4 GB prostora za shranjevanje Obvestilo: \u0160e naprej razvijamo Tina Assistant in bomo dodali nove funkcije.\" \/>\n<meta property=\"og:url\" content=\"https:\/\/tina-assistant.com\/sl\/izdelek\/tina-asistent-osnovni-paket-letna-narocnina-brezplacen-preizkus\/\" \/>\n<meta property=\"og:site_name\" content=\"Tina Assistant\" \/>\n<meta property=\"article:publisher\" content=\"https:\/\/www.facebook.com\/Centrum-cognitio-105944965605949\" \/>\n<meta property=\"og:image\" content=\"https:\/\/tina-assistant.com\/wp-content\/uploads\/2023\/12\/zaslon-tina-assistant-1.jpg\" \/>\n\t<meta property=\"og:image:width\" content=\"1200\" \/>\n\t<meta property=\"og:image:height\" content=\"1200\" \/>\n\t<meta property=\"og:image:type\" content=\"image\/jpeg\" \/>\n<meta name=\"twitter:card\" content=\"summary_large_image\" \/>\n<script type=\"application\/ld+json\" class=\"yoast-schema-graph\">{\"@context\":\"https:\\\/\\\/schema.org\",\"@graph\":[{\"@type\":\"WebPage\",\"@id\":\"https:\\\/\\\/tina-assistant.com\\\/sl\\\/izdelek\\\/tina-asistent-osnovni-paket-letna-narocnina-brezplacen-preizkus\\\/\",\"url\":\"https:\\\/\\\/tina-assistant.com\\\/sl\\\/izdelek\\\/tina-asistent-osnovni-paket-letna-narocnina-brezplacen-preizkus\\\/\",\"name\":\"Tina Asistent osnovni paket - letna naro\u010dnina + brezpla\u010den preizkus - Tina Assistant\",\"isPartOf\":{\"@id\":\"https:\\\/\\\/tina-assistant.com\\\/sl\\\/#website\"},\"primaryImageOfPage\":{\"@id\":\"https:\\\/\\\/tina-assistant.com\\\/sl\\\/izdelek\\\/tina-asistent-osnovni-paket-letna-narocnina-brezplacen-preizkus\\\/#primaryimage\"},\"image\":{\"@id\":\"https:\\\/\\\/tina-assistant.com\\\/sl\\\/izdelek\\\/tina-asistent-osnovni-paket-letna-narocnina-brezplacen-preizkus\\\/#primaryimage\"},\"thumbnailUrl\":\"https:\\\/\\\/tina-assistant.com\\\/wp-content\\\/uploads\\\/2023\\\/12\\\/zaslon-tina-assistant-1.jpg\",\"datePublished\":\"2023-12-13T12:14:09+00:00\",\"breadcrumb\":{\"@id\":\"https:\\\/\\\/tina-assistant.com\\\/sl\\\/izdelek\\\/tina-asistent-osnovni-paket-letna-narocnina-brezplacen-preizkus\\\/#breadcrumb\"},\"inLanguage\":\"sl-SI\",\"potentialAction\":[{\"@type\":\"ReadAction\",\"target\":[\"https:\\\/\\\/tina-assistant.com\\\/sl\\\/izdelek\\\/tina-asistent-osnovni-paket-letna-narocnina-brezplacen-preizkus\\\/\"]}]},{\"@type\":\"ImageObject\",\"inLanguage\":\"sl-SI\",\"@id\":\"https:\\\/\\\/tina-assistant.com\\\/sl\\\/izdelek\\\/tina-asistent-osnovni-paket-letna-narocnina-brezplacen-preizkus\\\/#primaryimage\",\"url\":\"https:\\\/\\\/tina-assistant.com\\\/wp-content\\\/uploads\\\/2023\\\/12\\\/zaslon-tina-assistant-1.jpg\",\"contentUrl\":\"https:\\\/\\\/tina-assistant.com\\\/wp-content\\\/uploads\\\/2023\\\/12\\\/zaslon-tina-assistant-1.jpg\",\"width\":1200,\"height\":1200},{\"@type\":\"BreadcrumbList\",\"@id\":\"https:\\\/\\\/tina-assistant.com\\\/sl\\\/izdelek\\\/tina-asistent-osnovni-paket-letna-narocnina-brezplacen-preizkus\\\/#breadcrumb\",\"itemListElement\":[{\"@type\":\"ListItem\",\"position\":1,\"name\":\"Home\",\"item\":\"https:\\\/\\\/tina-assistant.com\\\/sl\\\/\"},{\"@type\":\"ListItem\",\"position\":2,\"name\":\"Shop\",\"item\":\"https:\\\/\\\/tina-assistant.com\\\/sl\\\/?page_id=3588\"},{\"@type\":\"ListItem\",\"position\":3,\"name\":\"Tina Asistent osnovni paket &#8211; letna naro\u010dnina + brezpla\u010den preizkus\"}]},{\"@type\":\"WebSite\",\"@id\":\"https:\\\/\\\/tina-assistant.com\\\/sl\\\/#website\",\"url\":\"https:\\\/\\\/tina-assistant.com\\\/sl\\\/\",\"name\":\"Tina Assistant\",\"description\":\"Therapist intelligent assistant\",\"publisher\":{\"@id\":\"https:\\\/\\\/tina-assistant.com\\\/sl\\\/#organization\"},\"potentialAction\":[{\"@type\":\"SearchAction\",\"target\":{\"@type\":\"EntryPoint\",\"urlTemplate\":\"https:\\\/\\\/tina-assistant.com\\\/sl\\\/?s={search_term_string}\"},\"query-input\":{\"@type\":\"PropertyValueSpecification\",\"valueRequired\":true,\"valueName\":\"search_term_string\"}}],\"inLanguage\":\"sl-SI\"},{\"@type\":\"Organization\",\"@id\":\"https:\\\/\\\/tina-assistant.com\\\/sl\\\/#organization\",\"name\":\"Centrum Cognitio d.o.o.\",\"alternateName\":\"Tina Assistant\",\"url\":\"https:\\\/\\\/tina-assistant.com\\\/sl\\\/\",\"logo\":{\"@type\":\"ImageObject\",\"inLanguage\":\"sl-SI\",\"@id\":\"https:\\\/\\\/tina-assistant.com\\\/sl\\\/#\\\/schema\\\/logo\\\/image\\\/\",\"url\":\"https:\\\/\\\/tina-assistant.com\\\/wp-content\\\/uploads\\\/2024\\\/12\\\/tina-logo.svg\",\"contentUrl\":\"https:\\\/\\\/tina-assistant.com\\\/wp-content\\\/uploads\\\/2024\\\/12\\\/tina-logo.svg\",\"caption\":\"Centrum Cognitio d.o.o.\"},\"image\":{\"@id\":\"https:\\\/\\\/tina-assistant.com\\\/sl\\\/#\\\/schema\\\/logo\\\/image\\\/\"},\"sameAs\":[\"https:\\\/\\\/www.facebook.com\\\/Centrum-cognitio-105944965605949\",\"https:\\\/\\\/www.linkedin.com\\\/company\\\/centrum-cognitio\\\/\"]}]}<\/script>\n<!-- \/ Yoast SEO plugin. -->","yoast_head_json":{"title":"Tina Asistent osnovni paket - letna naro\u010dnina + brezpla\u010den preizkus - Tina Assistant","robots":{"index":"noindex","follow":"follow"},"og_locale":"sl_SI","og_type":"article","og_title":"Tina Asistent osnovni paket - letna naro\u010dnina + brezpla\u010den preizkus - Tina Assistant","og_description":"Osnovni paket vam omogo\u010da varno vodenje strank, ustvarjanje ra\u010dunov in koledarjev.  Koledar  dav\u010dno potrjevanje ra\u010dunov  50 ra\u010dunov brezpla\u010dnih ra\u010dunov na mesec  ra\u010duni v PDF  E-kartoteka za kliente (spremljanje napredka stranke, evidentiranje in vodenje sej, evidentiranje izdanih, pla\u010danih in nepla\u010danih ra\u010dunov)  Top varnost  4 GB prostora za shranjevanje Obvestilo: \u0160e naprej razvijamo Tina Assistant in bomo dodali nove funkcije.","og_url":"https:\/\/tina-assistant.com\/sl\/izdelek\/tina-asistent-osnovni-paket-letna-narocnina-brezplacen-preizkus\/","og_site_name":"Tina Assistant","article_publisher":"https:\/\/www.facebook.com\/Centrum-cognitio-105944965605949","og_image":[{"width":1200,"height":1200,"url":"https:\/\/tina-assistant.com\/wp-content\/uploads\/2023\/12\/zaslon-tina-assistant-1.jpg","type":"image\/jpeg"}],"twitter_card":"summary_large_image","schema":{"@context":"https:\/\/schema.org","@graph":[{"@type":"WebPage","@id":"https:\/\/tina-assistant.com\/sl\/izdelek\/tina-asistent-osnovni-paket-letna-narocnina-brezplacen-preizkus\/","url":"https:\/\/tina-assistant.com\/sl\/izdelek\/tina-asistent-osnovni-paket-letna-narocnina-brezplacen-preizkus\/","name":"Tina Asistent osnovni paket - letna naro\u010dnina + brezpla\u010den preizkus - Tina Assistant","isPartOf":{"@id":"https:\/\/tina-assistant.com\/sl\/#website"},"primaryImageOfPage":{"@id":"https:\/\/tina-assistant.com\/sl\/izdelek\/tina-asistent-osnovni-paket-letna-narocnina-brezplacen-preizkus\/#primaryimage"},"image":{"@id":"https:\/\/tina-assistant.com\/sl\/izdelek\/tina-asistent-osnovni-paket-letna-narocnina-brezplacen-preizkus\/#primaryimage"},"thumbnailUrl":"https:\/\/tina-assistant.com\/wp-content\/uploads\/2023\/12\/zaslon-tina-assistant-1.jpg","datePublished":"2023-12-13T12:14:09+00:00","breadcrumb":{"@id":"https:\/\/tina-assistant.com\/sl\/izdelek\/tina-asistent-osnovni-paket-letna-narocnina-brezplacen-preizkus\/#breadcrumb"},"inLanguage":"sl-SI","potentialAction":[{"@type":"ReadAction","target":["https:\/\/tina-assistant.com\/sl\/izdelek\/tina-asistent-osnovni-paket-letna-narocnina-brezplacen-preizkus\/"]}]},{"@type":"ImageObject","inLanguage":"sl-SI","@id":"https:\/\/tina-assistant.com\/sl\/izdelek\/tina-asistent-osnovni-paket-letna-narocnina-brezplacen-preizkus\/#primaryimage","url":"https:\/\/tina-assistant.com\/wp-content\/uploads\/2023\/12\/zaslon-tina-assistant-1.jpg","contentUrl":"https:\/\/tina-assistant.com\/wp-content\/uploads\/2023\/12\/zaslon-tina-assistant-1.jpg","width":1200,"height":1200},{"@type":"BreadcrumbList","@id":"https:\/\/tina-assistant.com\/sl\/izdelek\/tina-asistent-osnovni-paket-letna-narocnina-brezplacen-preizkus\/#breadcrumb","itemListElement":[{"@type":"ListItem","position":1,"name":"Home","item":"https:\/\/tina-assistant.com\/sl\/"},{"@type":"ListItem","position":2,"name":"Shop","item":"https:\/\/tina-assistant.com\/sl\/?page_id=3588"},{"@type":"ListItem","position":3,"name":"Tina Asistent osnovni paket &#8211; letna naro\u010dnina + brezpla\u010den preizkus"}]},{"@type":"WebSite","@id":"https:\/\/tina-assistant.com\/sl\/#website","url":"https:\/\/tina-assistant.com\/sl\/","name":"Tina Assistant","description":"Therapist intelligent assistant","publisher":{"@id":"https:\/\/tina-assistant.com\/sl\/#organization"},"potentialAction":[{"@type":"SearchAction","target":{"@type":"EntryPoint","urlTemplate":"https:\/\/tina-assistant.com\/sl\/?s={search_term_string}"},"query-input":{"@type":"PropertyValueSpecification","valueRequired":true,"valueName":"search_term_string"}}],"inLanguage":"sl-SI"},{"@type":"Organization","@id":"https:\/\/tina-assistant.com\/sl\/#organization","name":"Centrum Cognitio d.o.o.","alternateName":"Tina Assistant","url":"https:\/\/tina-assistant.com\/sl\/","logo":{"@type":"ImageObject","inLanguage":"sl-SI","@id":"https:\/\/tina-assistant.com\/sl\/#\/schema\/logo\/image\/","url":"https:\/\/tina-assistant.com\/wp-content\/uploads\/2024\/12\/tina-logo.svg","contentUrl":"https:\/\/tina-assistant.com\/wp-content\/uploads\/2024\/12\/tina-logo.svg","caption":"Centrum Cognitio d.o.o."},"image":{"@id":"https:\/\/tina-assistant.com\/sl\/#\/schema\/logo\/image\/"},"sameAs":["https:\/\/www.facebook.com\/Centrum-cognitio-105944965605949","https:\/\/www.linkedin.com\/company\/centrum-cognitio\/"]}]}},"_links":{"self":[{"href":"https:\/\/tina-assistant.com\/sl\/wp-json\/wp\/v2\/product\/3696","targetHints":{"allow":["GET"]}}],"collection":[{"href":"https:\/\/tina-assistant.com\/sl\/wp-json\/wp\/v2\/product"}],"about":[{"href":"https:\/\/tina-assistant.com\/sl\/wp-json\/wp\/v2\/types\/product"}],"replies":[{"embeddable":true,"href":"https:\/\/tina-assistant.com\/sl\/wp-json\/wp\/v2\/comments?post=3696"}],"wp:featuredmedia":[{"embeddable":true,"href":"https:\/\/tina-assistant.com\/sl\/wp-json\/wp\/v2\/media\/3648"}],"wp:attachment":[{"href":"https:\/\/tina-assistant.com\/sl\/wp-json\/wp\/v2\/media?parent=3696"}],"wp:term":[{"taxonomy":"product_brand","embeddable":true,"href":"https:\/\/tina-assistant.com\/sl\/wp-json\/wp\/v2\/product_brand?post=3696"},{"taxonomy":"product_cat","embeddable":true,"href":"https:\/\/tina-assistant.com\/sl\/wp-json\/wp\/v2\/product_cat?post=3696"},{"taxonomy":"product_tag","embeddable":true,"href":"https:\/\/tina-assistant.com\/sl\/wp-json\/wp\/v2\/product_tag?post=3696"}],"curies":[{"name":"wp","href":"https:\/\/api.w.org\/{rel}","templated":true}]}}